{"id":7131,"date":"2023-06-08T10:13:03","date_gmt":"2023-06-08T08:13:03","guid":{"rendered":"https:\/\/www.phi-gmbh.eu\/?page_id=7131"},"modified":"2023-07-05T16:50:37","modified_gmt":"2023-07-05T14:50:37","slug":"lightigo","status":"publish","type":"page","link":"https:\/\/www.phi-gmbh.eu\/de\/partner\/lightigo\/","title":{"rendered":"Lightigo"},"content":{"rendered":"<p><div class=\"fusion-fullwidth fullwidth-box fusion-builder-row-1 fusion-flex-container nonhundred-percent-fullwidth non-hundred-percent-height-scrolling\" style=\"--awb-border-radius-top-left:0px;--awb-border-radius-top-right:0px;--awb-border-radius-bottom-right:0px;--awb-border-radius-bottom-left:0px;--awb-padding-top:90px;--awb-padding-bottom:60px;--awb-background-image:linear-gradient(180deg, var(--awb-color1) 0%,rgba(255,255,255,0) 39%);--awb-flex-wrap:wrap;\" ><div class=\"fusion-builder-row fusion-row fusion-flex-align-items-flex-start fusion-flex-justify-content-center fusion-flex-content-wrap\" style=\"max-width:1040px;margin-left: calc(-4% \/ 2 );margin-right: calc(-4% \/ 2 );\"><div class=\"fusion-layout-column fusion_builder_column fusion-builder-column-0 fusion_builder_column_3_4 3_4 fusion-flex-column fusion-animated\" style=\"--awb-bg-size:cover;--awb-width-large:75%;--awb-margin-top-large:0px;--awb-spacing-right-large:2.56%;--awb-margin-bottom-large:20px;--awb-spacing-left-large:2.56%;--awb-width-medium:75%;--awb-order-medium:0;--awb-spacing-right-medium:2.56%;--awb-spacing-left-medium:2.56%;--awb-width-small:100%;--awb-order-small:0;--awb-spacing-right-small:1.92%;--awb-spacing-left-small:1.92%;\" data-animationType=\"fadeInUp\" data-animationDuration=\"1.0\" data-animationOffset=\"top-into-view\"><div class=\"fusion-column-wrapper fusion-column-has-shadow fusion-flex-justify-content-flex-start fusion-content-layout-column\"><div class=\"fusion-image-element \" style=\"text-align:center;--awb-caption-title-font-family:var(--h2_typography-font-family);--awb-caption-title-font-weight:var(--h2_typography-font-weight);--awb-caption-title-font-style:var(--h2_typography-font-style);--awb-caption-title-size:var(--h2_typography-font-size);--awb-caption-title-transform:var(--h2_typography-text-transform);--awb-caption-title-line-height:var(--h2_typography-line-height);--awb-caption-title-letter-spacing:var(--h2_typography-letter-spacing);\"><span class=\" fusion-imageframe imageframe-none imageframe-1 hover-type-none\"><img decoding=\"async\" width=\"200\" height=\"55\" title=\"Logo_Lightigo\" src=\"https:\/\/www.phi-gmbh.eu\/wp-content\/uploads\/2023\/01\/Logo_Lightigo.jpg\" alt class=\"img-responsive wp-image-7140\"\/><\/span><\/div><div class=\"fusion-separator fusion-full-width-sep\" style=\"align-self: center;margin-left: auto;margin-right: auto;margin-top:40px;width:100%;\"><\/div><div class=\"fusion-text fusion-text-1 awb-text-cols fusion-text-columns-2\" style=\"--awb-columns:2;--awb-column-spacing:2em;--awb-column-min-width:100px;\"><p>Die im August 2019 gegr\u00fcndete Lightigo s.r.o ist ein Start-up-Unternehmen, das sich auf die Entwicklung und Produktion von Analyseger\u00e4ten f\u00fcr die Laser Induced Breakdown Spectroscopy &#8211; LIBS &#8211; konzentriert. Ziel von Lightigo ist es, den Prozess der Elementaranalyse schneller, g\u00fcnstiger und einfacher zu machen. Zu diesem Zweck hat Lightigo den FireFly als eigenst\u00e4ndiges System entwickelt, das in erster Linie f\u00fcr die vielseitige Elementanalyse in akademischen Einrichtungen, kommerziellen Forschungslabors oder Industrielabors konzipiert ist.<\/p>\n<p>Lightigo s.r.o. hat seinen Sitz in Brno, CZ, einer echten High-Tech-Region f\u00fcr junge Start-up-Unternehmen.<\/p>\n<\/div><\/div><\/div><\/div><\/div><div class=\"fusion-fullwidth fullwidth-box fusion-builder-row-2 fusion-flex-container nonhundred-percent-fullwidth non-hundred-percent-height-scrolling\" style=\"--awb-border-radius-top-left:0px;--awb-border-radius-top-right:0px;--awb-border-radius-bottom-right:0px;--awb-border-radius-bottom-left:0px;--awb-padding-top:90px;--awb-padding-bottom:60px;--awb-background-image:linear-gradient(180deg, var(--awb-color1) 0%,rgba(255,255,255,0) 39%);--awb-flex-wrap:wrap;\" ><div class=\"fusion-builder-row fusion-row fusion-flex-align-items-flex-start fusion-flex-justify-content-center fusion-flex-content-wrap\" style=\"max-width:1040px;margin-left: calc(-4% \/ 2 );margin-right: calc(-4% \/ 2 );\"><div class=\"fusion-layout-column fusion_builder_column fusion-builder-column-1 fusion_builder_column_1_1 1_1 fusion-flex-column fusion-animated\" style=\"--awb-padding-top:4%;--awb-padding-right:4%;--awb-padding-bottom:4%;--awb-padding-left:4%;--awb-bg-color:var(--awb-color4);--awb-bg-color-hover:var(--awb-color4);--awb-bg-size:cover;--awb-width-large:100%;--awb-margin-top-large:0px;--awb-spacing-right-large:1.92%;--awb-margin-bottom-large:20px;--awb-spacing-left-large:1.92%;--awb-width-medium:100%;--awb-order-medium:0;--awb-spacing-right-medium:1.92%;--awb-spacing-left-medium:1.92%;--awb-width-small:100%;--awb-order-small:0;--awb-spacing-right-small:1.92%;--awb-spacing-left-small:1.92%;\" data-animationType=\"fadeInUp\" data-animationDuration=\"1.0\" data-animationOffset=\"top-into-view\"><div class=\"fusion-column-wrapper fusion-column-has-shadow fusion-flex-justify-content-flex-start fusion-content-layout-column\"><div class=\"fusion-separator fusion-full-width-sep\" style=\"align-self: center;margin-left: auto;margin-right: auto;margin-top:40px;width:100%;\"><\/div><div class=\"fusion-image-element \" style=\"text-align:center;--awb-max-width:250px;--awb-caption-title-font-family:var(--h2_typography-font-family);--awb-caption-title-font-weight:var(--h2_typography-font-weight);--awb-caption-title-font-style:var(--h2_typography-font-style);--awb-caption-title-size:var(--h2_typography-font-size);--awb-caption-title-transform:var(--h2_typography-text-transform);--awb-caption-title-line-height:var(--h2_typography-line-height);--awb-caption-title-letter-spacing:var(--h2_typography-letter-spacing);\"><span class=\" fusion-imageframe imageframe-none imageframe-2 hover-type-none\" style=\"border-radius:50%;\"><img decoding=\"async\" width=\"300\" height=\"300\" title=\"Marek Lightigo\" src=\"https:\/\/www.phi-gmbh.eu\/wp-content\/uploads\/2023\/01\/Lightigo_Marek.jpg\" alt class=\"img-responsive wp-image-7139\" srcset=\"https:\/\/www.phi-gmbh.eu\/wp-content\/uploads\/2023\/01\/Lightigo_Marek-200x200.jpg 200w, https:\/\/www.phi-gmbh.eu\/wp-content\/uploads\/2023\/01\/Lightigo_Marek.jpg 300w\" sizes=\"(max-width: 640px) 100vw, 300px\" \/><\/span><\/div><div class=\"fusion-testimonials clean awb-speech-bubble-show fusion-testimonials-1 round-image\" style=\"--awb-textcolor:var(--awb-color1);--awb-backgroundcolor:rgba(248,248,248,0);--awb-testimonial-border-style:solid;--awb-testimonial-border-color:var(--awb-color3);--awb-border-top-left-radius:0px;--awb-border-top-right-radius:0px;--awb-border-bottom-left-radius:0px;--awb-border-bottom-right-radius:0px;--testimonial-border-width-top:0px;--testimonial-border-width-right:0px;--testimonial-border-width-bottom:0px;--testimonial-border-width-left:0px;\" data-random=\"0\" data-speed=\"4000\"><div class=\"reviews\"><div class=\"review active-testimonial avatar-above no-avatar\"><blockquote class=\"testimonials-shortcode-blockquote\"><div class=\"awb-quote\"><div class=\"awb-quote-content\">\n<p>\u201eElementanalytik schnell, einfach und effizient &#8211; das bieten wir unseren Kunden. Daf\u00fcr entwickeln wir Ger\u00e4te, die auf der laserinduzierten Breakdown-Spektroskopie basieren &#8211; einer jungen, aber bew\u00e4hrten Analysetechnik, der wir die letzten 20 Jahre unserer Forschungs- und Entwicklungsaktivit\u00e4ten gewidmet haben.<\/p>\n<p>Unser h\u00f6chstes Ziel sind zufriedene Kunden. Kunden, die von der Schnelligkeit, Einfachheit und Anpassungsf\u00e4higkeit der LIBS-Technologie profitieren. Eine Technologie, die Ihnen mehr analytische M\u00f6glichkeiten bietet und Ihre Analysen erheblich erleichtert.<\/p>\n<p>Wir haben unser umfangreiches LIBS-Wissen in schnelle, genaue und zuverl\u00e4ssige Ger\u00e4te umgesetzt. Die enge Zusammenarbeit mit der LIBS-Forschungsgruppe von CEITEC erm\u00f6glicht es uns, die Technologie und die Instrumente st\u00e4ndig zu verbessern und dabei die neuesten Trends im Bereich der LIBS zu ber\u00fccksichtigen.\u201c<\/p>\n<\/div><\/div><\/blockquote><div class=\"author\"><span class=\"company-name\"><strong>Marek Rozehnal<\/strong>, <span>CEO<\/span><\/span><\/div><\/div><\/div><\/div><div class=\"fusion-separator fusion-full-width-sep\" style=\"align-self: center;margin-left: auto;margin-right: auto;margin-top:40px;width:100%;\"><\/div><\/div><\/div><div class=\"fusion-layout-column fusion_builder_column fusion-builder-column-2 fusion_builder_column_3_4 3_4 fusion-flex-column\" style=\"--awb-bg-size:cover;--awb-width-large:75%;--awb-margin-top-large:0px;--awb-spacing-right-large:2.56%;--awb-margin-bottom-large:20px;--awb-spacing-left-large:2.56%;--awb-width-medium:75%;--awb-order-medium:0;--awb-spacing-right-medium:2.56%;--awb-spacing-left-medium:2.56%;--awb-width-small:100%;--awb-order-small:0;--awb-spacing-right-small:1.92%;--awb-spacing-left-small:1.92%;\"><div class=\"fusion-column-wrapper fusion-column-has-shadow fusion-flex-justify-content-flex-start fusion-content-layout-column\"><div class=\"fusion-separator fusion-full-width-sep\" style=\"align-self: center;margin-left: auto;margin-right: auto;margin-top:40px;width:100%;\"><\/div><div style=\"text-align:center;\"><a class=\"fusion-button button-flat fusion-button-default-size button-default fusion-button-default button-1 fusion-button-default-span fusion-button-default-type\" target=\"_self\" href=\"https:\/\/www.phi-gmbh.eu\/de\/produkte\/instrumentelle-analyse-libs-laser-induced-breakdown-spektroskopie\/lightigo-firefly\/\"><span class=\"fusion-button-text awb-button__text awb-button__text--default\">ZUR\u00dcCK ZU DEN PRODUKTEN<\/span><\/a><\/div><\/div><\/div><\/div><\/div><\/p>\n","protected":false},"excerpt":{"rendered":"","protected":false},"author":3,"featured_media":0,"parent":7122,"menu_order":0,"comment_status":"closed","ping_status":"closed","template":"100-width.php","meta":{"footnotes":""},"class_list":["post-7131","page","type-page","status-publish","hentry"],"yoast_head":"<!-- This site is optimized with the Yoast SEO plugin v27.5 - https:\/\/yoast.com\/product\/yoast-seo-wordpress\/ -->\n<title>Lightigo - Physical Electronics GmbH<\/title>\n<meta name=\"description\" content=\"Lightigo entwickelt und produziert Analyseinstrumente f\u00fcr die Laserinduzierte Breakdown-Spektroskopie (LIBS). Sie profitieren von der Geschwindigkeit, Einfachheit und Anpassungsf\u00e4higkeit der LIBS-Technologie\" \/>\n<meta name=\"robots\" content=\"index, follow, max-snippet:-1, max-image-preview:large, max-video-preview:-1\" \/>\n<link rel=\"canonical\" href=\"https:\/\/www.phi-gmbh.eu\/de\/partner\/lightigo\/\" \/>\n<meta property=\"og:locale\" content=\"de_DE\" \/>\n<meta property=\"og:type\" content=\"article\" \/>\n<meta property=\"og:title\" content=\"Lightigo - Physical Electronics GmbH\" \/>\n<meta property=\"og:description\" content=\"Lightigo entwickelt und produziert Analyseinstrumente f\u00fcr die Laserinduzierte Breakdown-Spektroskopie (LIBS). Sie profitieren von der Geschwindigkeit, Einfachheit und Anpassungsf\u00e4higkeit der LIBS-Technologie\" \/>\n<meta property=\"og:url\" content=\"https:\/\/www.phi-gmbh.eu\/de\/partner\/lightigo\/\" \/>\n<meta property=\"og:site_name\" content=\"Physical Electronics GmbH\" \/>\n<meta property=\"article:modified_time\" content=\"2023-07-05T14:50:37+00:00\" \/>\n<meta name=\"twitter:card\" content=\"summary_large_image\" \/>\n<meta name=\"twitter:label1\" content=\"Gesch\u00e4tzte Lesezeit\" \/>\n\t<meta name=\"twitter:data1\" content=\"5\u00a0Minuten\" \/>\n<script type=\"application\/ld+json\" class=\"yoast-schema-graph\">{\"@context\":\"https:\\\/\\\/schema.org\",\"@graph\":[{\"@type\":\"WebPage\",\"@id\":\"https:\\\/\\\/www.phi-gmbh.eu\\\/de\\\/partner\\\/lightigo\\\/\",\"url\":\"https:\\\/\\\/www.phi-gmbh.eu\\\/de\\\/partner\\\/lightigo\\\/\",\"name\":\"Lightigo - Physical Electronics GmbH\",\"isPartOf\":{\"@id\":\"https:\\\/\\\/www.phi-gmbh.eu\\\/#website\"},\"datePublished\":\"2023-06-08T08:13:03+00:00\",\"dateModified\":\"2023-07-05T14:50:37+00:00\",\"description\":\"Lightigo entwickelt und produziert Analyseinstrumente f\u00fcr die Laserinduzierte Breakdown-Spektroskopie (LIBS). Sie profitieren von der Geschwindigkeit, Einfachheit und Anpassungsf\u00e4higkeit der LIBS-Technologie\",\"breadcrumb\":{\"@id\":\"https:\\\/\\\/www.phi-gmbh.eu\\\/de\\\/partner\\\/lightigo\\\/#breadcrumb\"},\"inLanguage\":\"de\",\"potentialAction\":[{\"@type\":\"ReadAction\",\"target\":[\"https:\\\/\\\/www.phi-gmbh.eu\\\/de\\\/partner\\\/lightigo\\\/\"]}]},{\"@type\":\"BreadcrumbList\",\"@id\":\"https:\\\/\\\/www.phi-gmbh.eu\\\/de\\\/partner\\\/lightigo\\\/#breadcrumb\",\"itemListElement\":[{\"@type\":\"ListItem\",\"position\":1,\"name\":\"Startseite\",\"item\":\"https:\\\/\\\/www.phi-gmbh.eu\\\/de\\\/\"},{\"@type\":\"ListItem\",\"position\":2,\"name\":\"Partner\",\"item\":\"https:\\\/\\\/www.phi-gmbh.eu\\\/de\\\/partner\\\/\"},{\"@type\":\"ListItem\",\"position\":3,\"name\":\"Lightigo\"}]},{\"@type\":\"WebSite\",\"@id\":\"https:\\\/\\\/www.phi-gmbh.eu\\\/#website\",\"url\":\"https:\\\/\\\/www.phi-gmbh.eu\\\/\",\"name\":\"www.phi-gmbh.eu\",\"description\":\"X-Perts for your Analytical Challenges\",\"publisher\":{\"@id\":\"https:\\\/\\\/www.phi-gmbh.eu\\\/#organization\"},\"potentialAction\":[{\"@type\":\"SearchAction\",\"target\":{\"@type\":\"EntryPoint\",\"urlTemplate\":\"https:\\\/\\\/www.phi-gmbh.eu\\\/?s={search_term_string}\"},\"query-input\":{\"@type\":\"PropertyValueSpecification\",\"valueRequired\":true,\"valueName\":\"search_term_string\"}}],\"inLanguage\":\"de\"},{\"@type\":\"Organization\",\"@id\":\"https:\\\/\\\/www.phi-gmbh.eu\\\/#organization\",\"name\":\"Physical Electronics GmbH\",\"url\":\"https:\\\/\\\/www.phi-gmbh.eu\\\/\",\"logo\":{\"@type\":\"ImageObject\",\"inLanguage\":\"de\",\"@id\":\"https:\\\/\\\/www.phi-gmbh.eu\\\/#\\\/schema\\\/logo\\\/image\\\/\",\"url\":\"https:\\\/\\\/www.phi-gmbh.eu\\\/wp-content\\\/uploads\\\/2022\\\/06\\\/Logo_PHI-GmbH_Vorabanpassung_V1_H150px.jpeg\",\"contentUrl\":\"https:\\\/\\\/www.phi-gmbh.eu\\\/wp-content\\\/uploads\\\/2022\\\/06\\\/Logo_PHI-GmbH_Vorabanpassung_V1_H150px.jpeg\",\"width\":230,\"height\":150,\"caption\":\"Physical Electronics GmbH\"},\"image\":{\"@id\":\"https:\\\/\\\/www.phi-gmbh.eu\\\/#\\\/schema\\\/logo\\\/image\\\/\"},\"sameAs\":[\"https:\\\/\\\/www.linkedin.com\\\/company\\\/physical-electronics-gmbh\"]}]}<\/script>\n<!-- \/ Yoast SEO plugin. -->","yoast_head_json":{"title":"Lightigo - Physical Electronics GmbH","description":"Lightigo entwickelt und produziert Analyseinstrumente f\u00fcr die Laserinduzierte Breakdown-Spektroskopie (LIBS). Sie profitieren von der Geschwindigkeit, Einfachheit und Anpassungsf\u00e4higkeit der LIBS-Technologie","robots":{"index":"index","follow":"follow","max-snippet":"max-snippet:-1","max-image-preview":"max-image-preview:large","max-video-preview":"max-video-preview:-1"},"canonical":"https:\/\/www.phi-gmbh.eu\/de\/partner\/lightigo\/","og_locale":"de_DE","og_type":"article","og_title":"Lightigo - Physical Electronics GmbH","og_description":"Lightigo entwickelt und produziert Analyseinstrumente f\u00fcr die Laserinduzierte Breakdown-Spektroskopie (LIBS). Sie profitieren von der Geschwindigkeit, Einfachheit und Anpassungsf\u00e4higkeit der LIBS-Technologie","og_url":"https:\/\/www.phi-gmbh.eu\/de\/partner\/lightigo\/","og_site_name":"Physical Electronics GmbH","article_modified_time":"2023-07-05T14:50:37+00:00","twitter_card":"summary_large_image","twitter_misc":{"Gesch\u00e4tzte Lesezeit":"5\u00a0Minuten"},"schema":{"@context":"https:\/\/schema.org","@graph":[{"@type":"WebPage","@id":"https:\/\/www.phi-gmbh.eu\/de\/partner\/lightigo\/","url":"https:\/\/www.phi-gmbh.eu\/de\/partner\/lightigo\/","name":"Lightigo - Physical Electronics GmbH","isPartOf":{"@id":"https:\/\/www.phi-gmbh.eu\/#website"},"datePublished":"2023-06-08T08:13:03+00:00","dateModified":"2023-07-05T14:50:37+00:00","description":"Lightigo entwickelt und produziert Analyseinstrumente f\u00fcr die Laserinduzierte Breakdown-Spektroskopie (LIBS). Sie profitieren von der Geschwindigkeit, Einfachheit und Anpassungsf\u00e4higkeit der LIBS-Technologie","breadcrumb":{"@id":"https:\/\/www.phi-gmbh.eu\/de\/partner\/lightigo\/#breadcrumb"},"inLanguage":"de","potentialAction":[{"@type":"ReadAction","target":["https:\/\/www.phi-gmbh.eu\/de\/partner\/lightigo\/"]}]},{"@type":"BreadcrumbList","@id":"https:\/\/www.phi-gmbh.eu\/de\/partner\/lightigo\/#breadcrumb","itemListElement":[{"@type":"ListItem","position":1,"name":"Startseite","item":"https:\/\/www.phi-gmbh.eu\/de\/"},{"@type":"ListItem","position":2,"name":"Partner","item":"https:\/\/www.phi-gmbh.eu\/de\/partner\/"},{"@type":"ListItem","position":3,"name":"Lightigo"}]},{"@type":"WebSite","@id":"https:\/\/www.phi-gmbh.eu\/#website","url":"https:\/\/www.phi-gmbh.eu\/","name":"www.phi-gmbh.eu","description":"X-Perts for your Analytical Challenges","publisher":{"@id":"https:\/\/www.phi-gmbh.eu\/#organization"},"potentialAction":[{"@type":"SearchAction","target":{"@type":"EntryPoint","urlTemplate":"https:\/\/www.phi-gmbh.eu\/?s={search_term_string}"},"query-input":{"@type":"PropertyValueSpecification","valueRequired":true,"valueName":"search_term_string"}}],"inLanguage":"de"},{"@type":"Organization","@id":"https:\/\/www.phi-gmbh.eu\/#organization","name":"Physical Electronics GmbH","url":"https:\/\/www.phi-gmbh.eu\/","logo":{"@type":"ImageObject","inLanguage":"de","@id":"https:\/\/www.phi-gmbh.eu\/#\/schema\/logo\/image\/","url":"https:\/\/www.phi-gmbh.eu\/wp-content\/uploads\/2022\/06\/Logo_PHI-GmbH_Vorabanpassung_V1_H150px.jpeg","contentUrl":"https:\/\/www.phi-gmbh.eu\/wp-content\/uploads\/2022\/06\/Logo_PHI-GmbH_Vorabanpassung_V1_H150px.jpeg","width":230,"height":150,"caption":"Physical Electronics GmbH"},"image":{"@id":"https:\/\/www.phi-gmbh.eu\/#\/schema\/logo\/image\/"},"sameAs":["https:\/\/www.linkedin.com\/company\/physical-electronics-gmbh"]}]}},"_links":{"self":[{"href":"https:\/\/www.phi-gmbh.eu\/de\/wp-json\/wp\/v2\/pages\/7131","targetHints":{"allow":["GET"]}}],"collection":[{"href":"https:\/\/www.phi-gmbh.eu\/de\/wp-json\/wp\/v2\/pages"}],"about":[{"href":"https:\/\/www.phi-gmbh.eu\/de\/wp-json\/wp\/v2\/types\/page"}],"author":[{"embeddable":true,"href":"https:\/\/www.phi-gmbh.eu\/de\/wp-json\/wp\/v2\/users\/3"}],"replies":[{"embeddable":true,"href":"https:\/\/www.phi-gmbh.eu\/de\/wp-json\/wp\/v2\/comments?post=7131"}],"version-history":[{"count":6,"href":"https:\/\/www.phi-gmbh.eu\/de\/wp-json\/wp\/v2\/pages\/7131\/revisions"}],"predecessor-version":[{"id":8299,"href":"https:\/\/www.phi-gmbh.eu\/de\/wp-json\/wp\/v2\/pages\/7131\/revisions\/8299"}],"up":[{"embeddable":true,"href":"https:\/\/www.phi-gmbh.eu\/de\/wp-json\/wp\/v2\/pages\/7122"}],"wp:attachment":[{"href":"https:\/\/www.phi-gmbh.eu\/de\/wp-json\/wp\/v2\/media?parent=7131"}],"curies":[{"name":"wp","href":"https:\/\/api.w.org\/{rel}","templated":true}]}}