{"id":7148,"date":"2023-06-08T10:21:29","date_gmt":"2023-06-08T08:21:29","guid":{"rendered":"https:\/\/www.phi-gmbh.eu\/?page_id=7148"},"modified":"2023-07-05T10:59:15","modified_gmt":"2023-07-05T08:59:15","slug":"rx-solutions","status":"publish","type":"page","link":"https:\/\/www.phi-gmbh.eu\/de\/partner\/rx-solutions\/","title":{"rendered":"RX Solutions"},"content":{"rendered":"<p><div class=\"fusion-fullwidth fullwidth-box fusion-builder-row-1 fusion-flex-container nonhundred-percent-fullwidth non-hundred-percent-height-scrolling\" style=\"--awb-border-radius-top-left:0px;--awb-border-radius-top-right:0px;--awb-border-radius-bottom-right:0px;--awb-border-radius-bottom-left:0px;--awb-padding-top:90px;--awb-padding-bottom:60px;--awb-background-image:linear-gradient(180deg, var(--awb-color1) 0%,rgba(255,255,255,0) 39%);--awb-flex-wrap:wrap;\" ><div class=\"fusion-builder-row fusion-row fusion-flex-align-items-flex-start fusion-flex-justify-content-center fusion-flex-content-wrap\" style=\"max-width:1040px;margin-left: calc(-4% \/ 2 );margin-right: calc(-4% \/ 2 );\"><div class=\"fusion-layout-column fusion_builder_column fusion-builder-column-0 fusion_builder_column_3_4 3_4 fusion-flex-column fusion-animated\" style=\"--awb-bg-size:cover;--awb-width-large:75%;--awb-margin-top-large:0px;--awb-spacing-right-large:2.56%;--awb-margin-bottom-large:20px;--awb-spacing-left-large:2.56%;--awb-width-medium:75%;--awb-order-medium:0;--awb-spacing-right-medium:2.56%;--awb-spacing-left-medium:2.56%;--awb-width-small:100%;--awb-order-small:0;--awb-spacing-right-small:1.92%;--awb-spacing-left-small:1.92%;\" data-animationType=\"fadeInUp\" data-animationDuration=\"1.0\" data-animationOffset=\"top-into-view\"><div class=\"fusion-column-wrapper fusion-column-has-shadow fusion-flex-justify-content-flex-start fusion-content-layout-column\"><div class=\"fusion-image-element \" style=\"text-align:center;--awb-caption-title-font-family:var(--h2_typography-font-family);--awb-caption-title-font-weight:var(--h2_typography-font-weight);--awb-caption-title-font-style:var(--h2_typography-font-style);--awb-caption-title-size:var(--h2_typography-font-size);--awb-caption-title-transform:var(--h2_typography-text-transform);--awb-caption-title-line-height:var(--h2_typography-line-height);--awb-caption-title-letter-spacing:var(--h2_typography-letter-spacing);\"><span class=\" fusion-imageframe imageframe-none imageframe-1 hover-type-none\"><img decoding=\"async\" width=\"200\" height=\"55\" title=\"RX-Solutions\" src=\"data:image\/svg+xml,%3Csvg%20xmlns%3D%27http%3A%2F%2Fwww.w3.org%2F2000%2Fsvg%27%20width%3D%27200%27%20height%3D%2755%27%20viewBox%3D%270%200%20200%2055%27%3E%3Crect%20width%3D%27200%27%20height%3D%2755%27%20fill-opacity%3D%220%22%2F%3E%3C%2Fsvg%3E\" data-orig-src=\"https:\/\/www.phi-gmbh.eu\/wp-content\/uploads\/2023\/01\/RX-Solutions.jpg\" alt class=\"lazyload img-responsive wp-image-7163\"\/><\/span><\/div><div class=\"fusion-separator fusion-full-width-sep\" style=\"align-self: center;margin-left: auto;margin-right: auto;margin-top:40px;width:100%;\"><\/div><div class=\"fusion-text fusion-text-1 awb-text-cols fusion-text-columns-2\" style=\"--awb-columns:2;--awb-column-spacing:2em;--awb-column-min-width:100px;\"><p>RX Solutions ist ein innovatives Unternehmen mit Sitz in Chavanod, Frankreich. Seit mehr als 15 Jahren entwirft, entwickelt und produziert RX Solutions innovative zerst\u00f6rungsfreie R\u00f6ntgen-CT-Systeme und Software. Diese werden in der Forschung und Entwicklung, Qualit\u00e4tssicherung, Produktionskontrolle und wissenschaftlichen Forschung von Unternehmen wie L&#8217;Or\u00e9al, der Renault Gruppe, Merit Medical und den Forschungsinstituten Johns Hopkins, EPFL, Universit\u00e4t G\u00f6ttingen, Max Planck&#8230; eingesetzt.<\/p>\n<p>Das Ziel ist immer, die bestm\u00f6gliche Bildqualit\u00e4t zu liefern. Die CT-Systeme von RX Solutions sind bekannt f\u00fcr ihre Flexibilit\u00e4t, Zuverl\u00e4ssigkeit, Leistung und einfache Bedienung.<\/p>\n<p>Drei verschiedene Systemgr\u00f6\u00dfen stehen zur Verf\u00fcgung. Das EasyTom S, das EasyTom und das EasyTom XL. Je nach Anwendung k\u00f6nnen die Systeme mit unterschiedlichen Quellen und Detektoren ausgestattet werden.<\/p>\n<\/div><\/div><\/div><\/div><\/div><div class=\"fusion-fullwidth fullwidth-box fusion-builder-row-2 fusion-flex-container nonhundred-percent-fullwidth non-hundred-percent-height-scrolling\" style=\"--awb-border-radius-top-left:0px;--awb-border-radius-top-right:0px;--awb-border-radius-bottom-right:0px;--awb-border-radius-bottom-left:0px;--awb-padding-top:90px;--awb-padding-bottom:60px;--awb-background-image:linear-gradient(180deg, var(--awb-color1) 0%,rgba(255,255,255,0) 39%);--awb-flex-wrap:wrap;\" ><div class=\"fusion-builder-row fusion-row fusion-flex-align-items-flex-start fusion-flex-justify-content-center fusion-flex-content-wrap\" style=\"max-width:1040px;margin-left: calc(-4% \/ 2 );margin-right: calc(-4% \/ 2 );\"><div class=\"fusion-layout-column fusion_builder_column fusion-builder-column-1 fusion_builder_column_1_1 1_1 fusion-flex-column fusion-animated\" style=\"--awb-padding-top:4%;--awb-padding-right:4%;--awb-padding-bottom:4%;--awb-padding-left:4%;--awb-bg-color:var(--awb-color4);--awb-bg-color-hover:var(--awb-color4);--awb-bg-size:cover;--awb-width-large:100%;--awb-margin-top-large:0px;--awb-spacing-right-large:1.92%;--awb-margin-bottom-large:20px;--awb-spacing-left-large:1.92%;--awb-width-medium:100%;--awb-order-medium:0;--awb-spacing-right-medium:1.92%;--awb-spacing-left-medium:1.92%;--awb-width-small:100%;--awb-order-small:0;--awb-spacing-right-small:1.92%;--awb-spacing-left-small:1.92%;\" data-animationType=\"fadeInUp\" data-animationDuration=\"1.0\" data-animationOffset=\"top-into-view\"><div class=\"fusion-column-wrapper fusion-column-has-shadow fusion-flex-justify-content-flex-start fusion-content-layout-column\"><div class=\"fusion-separator fusion-full-width-sep\" style=\"align-self: center;margin-left: auto;margin-right: auto;margin-top:40px;width:100%;\"><\/div><div class=\"fusion-image-element \" style=\"text-align:center;--awb-max-width:250px;--awb-caption-title-font-family:var(--h2_typography-font-family);--awb-caption-title-font-weight:var(--h2_typography-font-weight);--awb-caption-title-font-style:var(--h2_typography-font-style);--awb-caption-title-size:var(--h2_typography-font-size);--awb-caption-title-transform:var(--h2_typography-text-transform);--awb-caption-title-line-height:var(--h2_typography-line-height);--awb-caption-title-letter-spacing:var(--h2_typography-letter-spacing);\"><span class=\" fusion-imageframe imageframe-none imageframe-2 hover-type-none\" style=\"border-radius:50%;\"><img decoding=\"async\" width=\"300\" height=\"300\" title=\"Enzo DiLuigi RX Solutions\" src=\"https:\/\/www.phi-gmbh.eu\/wp-content\/uploads\/2023\/01\/RX_Solutions_Enzo.jpg\" data-orig-src=\"https:\/\/www.phi-gmbh.eu\/wp-content\/uploads\/2023\/01\/RX_Solutions_Enzo.jpg\" alt class=\"lazyload img-responsive wp-image-7164\" srcset=\"data:image\/svg+xml,%3Csvg%20xmlns%3D%27http%3A%2F%2Fwww.w3.org%2F2000%2Fsvg%27%20width%3D%27300%27%20height%3D%27300%27%20viewBox%3D%270%200%20300%20300%27%3E%3Crect%20width%3D%27300%27%20height%3D%27300%27%20fill-opacity%3D%220%22%2F%3E%3C%2Fsvg%3E\" data-srcset=\"https:\/\/www.phi-gmbh.eu\/wp-content\/uploads\/2023\/01\/RX_Solutions_Enzo-200x200.jpg 200w, https:\/\/www.phi-gmbh.eu\/wp-content\/uploads\/2023\/01\/RX_Solutions_Enzo.jpg 300w\" data-sizes=\"auto\" data-orig-sizes=\"(max-width: 640px) 100vw, 300px\" \/><\/span><\/div><div class=\"fusion-testimonials clean awb-speech-bubble-show fusion-testimonials-1 round-image\" style=\"--awb-textcolor:var(--awb-color1);--awb-backgroundcolor:rgba(248,248,248,0);--awb-testimonial-border-style:solid;--awb-testimonial-border-color:var(--awb-color3);--awb-border-top-left-radius:0px;--awb-border-top-right-radius:0px;--awb-border-bottom-left-radius:0px;--awb-border-bottom-right-radius:0px;--testimonial-border-width-top:0px;--testimonial-border-width-right:0px;--testimonial-border-width-bottom:0px;--testimonial-border-width-left:0px;\" data-random=\"0\" data-speed=\"4000\"><div class=\"reviews\"><div class=\"review active-testimonial avatar-above no-avatar\"><blockquote class=\"testimonials-shortcode-blockquote\"><div class=\"awb-quote\"><div class=\"awb-quote-content\">\n<p>&#8222;Innovation steht im Mittelpunkt der Mission von RX Solutions. Durch kontinuierliche Investitionen in Forschung und Entwicklung bieten wir leistungsstarke CT-Systeme und Software f\u00fcr die umfassende Inspektion von Bauteilen in der Qualit\u00e4tskontrolle und in der Produktentwicklungsphase. Wir arbeiten eng mit unseren Kunden aus allen industriellen und akademischen Bereichen zusammen und bieten weltweit Schulungen, Wartung und reaktiven Support, wobei wir uns an den Werten der Kundenzufriedenheit orientieren.\u201c<\/p>\n<\/div><\/div><\/blockquote><div class=\"author\"><span class=\"company-name\"><strong>Enzo DiLuigi <\/strong>, <span>CEO<\/span><\/span><\/div><\/div><\/div><\/div><div class=\"fusion-separator fusion-full-width-sep\" style=\"align-self: center;margin-left: auto;margin-right: auto;margin-top:40px;width:100%;\"><\/div><\/div><\/div><div class=\"fusion-layout-column fusion_builder_column fusion-builder-column-2 fusion_builder_column_3_4 3_4 fusion-flex-column\" style=\"--awb-bg-size:cover;--awb-width-large:75%;--awb-margin-top-large:0px;--awb-spacing-right-large:2.56%;--awb-margin-bottom-large:20px;--awb-spacing-left-large:2.56%;--awb-width-medium:75%;--awb-order-medium:0;--awb-spacing-right-medium:2.56%;--awb-spacing-left-medium:2.56%;--awb-width-small:100%;--awb-order-small:0;--awb-spacing-right-small:1.92%;--awb-spacing-left-small:1.92%;\"><div class=\"fusion-column-wrapper fusion-column-has-shadow fusion-flex-justify-content-flex-start fusion-content-layout-column\"><div class=\"fusion-separator fusion-full-width-sep\" style=\"align-self: center;margin-left: auto;margin-right: auto;margin-top:40px;width:100%;\"><\/div><div style=\"text-align:center;\"><a class=\"fusion-button button-flat fusion-button-default-size button-default fusion-button-default button-1 fusion-button-default-span fusion-button-default-type\" target=\"_self\" href=\"https:\/\/www.phi-gmbh.eu\/de\/produkte\/3d-computertomographie-stand-alone-systeme\/\"><span class=\"fusion-button-text awb-button__text awb-button__text--default\">ZUR\u00dcCK ZU DEN PRODUKTEN<\/span><\/a><\/div><\/div><\/div><\/div><\/div><\/p>\n","protected":false},"excerpt":{"rendered":"","protected":false},"author":3,"featured_media":0,"parent":7122,"menu_order":0,"comment_status":"closed","ping_status":"closed","template":"100-width.php","meta":{"footnotes":""},"class_list":["post-7148","page","type-page","status-publish","hentry"],"yoast_head":"<!-- This site is optimized with the Yoast SEO plugin v27.3 - https:\/\/yoast.com\/product\/yoast-seo-wordpress\/ -->\n<title>RX Solutions - Physical Electronics GmbH<\/title>\n<meta name=\"description\" content=\"Die Produktlinie RX Solutions wird von Unternehmen wie L&#039;Or\u00e9al, Renault Group, Merit Medical und den Forschungseinrichtungen Johns Hopkins, EPFL, Universit\u00e4t G\u00f6ttingen, Max Planck...\" \/>\n<meta name=\"robots\" content=\"index, follow, max-snippet:-1, max-image-preview:large, max-video-preview:-1\" \/>\n<link rel=\"canonical\" href=\"https:\/\/www.phi-gmbh.eu\/de\/partner\/rx-solutions\/\" \/>\n<meta property=\"og:locale\" content=\"de_DE\" \/>\n<meta property=\"og:type\" content=\"article\" \/>\n<meta property=\"og:title\" content=\"RX Solutions - Physical Electronics GmbH\" \/>\n<meta property=\"og:description\" content=\"Die Produktlinie RX Solutions wird von Unternehmen wie L&#039;Or\u00e9al, Renault Group, Merit Medical und den Forschungseinrichtungen Johns Hopkins, EPFL, Universit\u00e4t G\u00f6ttingen, Max Planck...\" \/>\n<meta property=\"og:url\" content=\"https:\/\/www.phi-gmbh.eu\/de\/partner\/rx-solutions\/\" \/>\n<meta property=\"og:site_name\" content=\"Physical Electronics GmbH\" \/>\n<meta property=\"article:modified_time\" content=\"2023-07-05T08:59:15+00:00\" \/>\n<meta name=\"twitter:card\" content=\"summary_large_image\" \/>\n<meta name=\"twitter:label1\" content=\"Gesch\u00e4tzte Lesezeit\" \/>\n\t<meta name=\"twitter:data1\" content=\"5\u00a0Minuten\" \/>\n<script type=\"application\/ld+json\" class=\"yoast-schema-graph\">{\"@context\":\"https:\\\/\\\/schema.org\",\"@graph\":[{\"@type\":\"WebPage\",\"@id\":\"https:\\\/\\\/www.phi-gmbh.eu\\\/de\\\/partner\\\/rx-solutions\\\/\",\"url\":\"https:\\\/\\\/www.phi-gmbh.eu\\\/de\\\/partner\\\/rx-solutions\\\/\",\"name\":\"RX Solutions - Physical Electronics GmbH\",\"isPartOf\":{\"@id\":\"https:\\\/\\\/www.phi-gmbh.eu\\\/#website\"},\"datePublished\":\"2023-06-08T08:21:29+00:00\",\"dateModified\":\"2023-07-05T08:59:15+00:00\",\"description\":\"Die Produktlinie RX Solutions wird von Unternehmen wie L'Or\u00e9al, Renault Group, Merit Medical und den Forschungseinrichtungen Johns Hopkins, EPFL, Universit\u00e4t G\u00f6ttingen, Max Planck...\",\"breadcrumb\":{\"@id\":\"https:\\\/\\\/www.phi-gmbh.eu\\\/de\\\/partner\\\/rx-solutions\\\/#breadcrumb\"},\"inLanguage\":\"de\",\"potentialAction\":[{\"@type\":\"ReadAction\",\"target\":[\"https:\\\/\\\/www.phi-gmbh.eu\\\/de\\\/partner\\\/rx-solutions\\\/\"]}]},{\"@type\":\"BreadcrumbList\",\"@id\":\"https:\\\/\\\/www.phi-gmbh.eu\\\/de\\\/partner\\\/rx-solutions\\\/#breadcrumb\",\"itemListElement\":[{\"@type\":\"ListItem\",\"position\":1,\"name\":\"Startseite\",\"item\":\"https:\\\/\\\/www.phi-gmbh.eu\\\/de\\\/\"},{\"@type\":\"ListItem\",\"position\":2,\"name\":\"Partner\",\"item\":\"https:\\\/\\\/www.phi-gmbh.eu\\\/de\\\/partner\\\/\"},{\"@type\":\"ListItem\",\"position\":3,\"name\":\"RX Solutions\"}]},{\"@type\":\"WebSite\",\"@id\":\"https:\\\/\\\/www.phi-gmbh.eu\\\/#website\",\"url\":\"https:\\\/\\\/www.phi-gmbh.eu\\\/\",\"name\":\"www.phi-gmbh.eu\",\"description\":\"X-Perts for your Analytical Challenges\",\"publisher\":{\"@id\":\"https:\\\/\\\/www.phi-gmbh.eu\\\/#organization\"},\"potentialAction\":[{\"@type\":\"SearchAction\",\"target\":{\"@type\":\"EntryPoint\",\"urlTemplate\":\"https:\\\/\\\/www.phi-gmbh.eu\\\/?s={search_term_string}\"},\"query-input\":{\"@type\":\"PropertyValueSpecification\",\"valueRequired\":true,\"valueName\":\"search_term_string\"}}],\"inLanguage\":\"de\"},{\"@type\":\"Organization\",\"@id\":\"https:\\\/\\\/www.phi-gmbh.eu\\\/#organization\",\"name\":\"Physical Electronics GmbH\",\"url\":\"https:\\\/\\\/www.phi-gmbh.eu\\\/\",\"logo\":{\"@type\":\"ImageObject\",\"inLanguage\":\"de\",\"@id\":\"https:\\\/\\\/www.phi-gmbh.eu\\\/#\\\/schema\\\/logo\\\/image\\\/\",\"url\":\"https:\\\/\\\/www.phi-gmbh.eu\\\/wp-content\\\/uploads\\\/2022\\\/06\\\/Logo_PHI-GmbH_Vorabanpassung_V1_H150px.jpeg\",\"contentUrl\":\"https:\\\/\\\/www.phi-gmbh.eu\\\/wp-content\\\/uploads\\\/2022\\\/06\\\/Logo_PHI-GmbH_Vorabanpassung_V1_H150px.jpeg\",\"width\":230,\"height\":150,\"caption\":\"Physical Electronics GmbH\"},\"image\":{\"@id\":\"https:\\\/\\\/www.phi-gmbh.eu\\\/#\\\/schema\\\/logo\\\/image\\\/\"},\"sameAs\":[\"https:\\\/\\\/www.linkedin.com\\\/company\\\/physical-electronics-gmbh\"]}]}<\/script>\n<!-- \/ Yoast SEO plugin. -->","yoast_head_json":{"title":"RX Solutions - Physical Electronics GmbH","description":"Die Produktlinie RX Solutions wird von Unternehmen wie L'Or\u00e9al, Renault Group, Merit Medical und den Forschungseinrichtungen Johns Hopkins, EPFL, Universit\u00e4t G\u00f6ttingen, Max Planck...","robots":{"index":"index","follow":"follow","max-snippet":"max-snippet:-1","max-image-preview":"max-image-preview:large","max-video-preview":"max-video-preview:-1"},"canonical":"https:\/\/www.phi-gmbh.eu\/de\/partner\/rx-solutions\/","og_locale":"de_DE","og_type":"article","og_title":"RX Solutions - Physical Electronics GmbH","og_description":"Die Produktlinie RX Solutions wird von Unternehmen wie L'Or\u00e9al, Renault Group, Merit Medical und den Forschungseinrichtungen Johns Hopkins, EPFL, Universit\u00e4t G\u00f6ttingen, Max Planck...","og_url":"https:\/\/www.phi-gmbh.eu\/de\/partner\/rx-solutions\/","og_site_name":"Physical Electronics GmbH","article_modified_time":"2023-07-05T08:59:15+00:00","twitter_card":"summary_large_image","twitter_misc":{"Gesch\u00e4tzte Lesezeit":"5\u00a0Minuten"},"schema":{"@context":"https:\/\/schema.org","@graph":[{"@type":"WebPage","@id":"https:\/\/www.phi-gmbh.eu\/de\/partner\/rx-solutions\/","url":"https:\/\/www.phi-gmbh.eu\/de\/partner\/rx-solutions\/","name":"RX Solutions - Physical Electronics GmbH","isPartOf":{"@id":"https:\/\/www.phi-gmbh.eu\/#website"},"datePublished":"2023-06-08T08:21:29+00:00","dateModified":"2023-07-05T08:59:15+00:00","description":"Die Produktlinie RX Solutions wird von Unternehmen wie L'Or\u00e9al, Renault Group, Merit Medical und den Forschungseinrichtungen Johns Hopkins, EPFL, Universit\u00e4t G\u00f6ttingen, Max Planck...","breadcrumb":{"@id":"https:\/\/www.phi-gmbh.eu\/de\/partner\/rx-solutions\/#breadcrumb"},"inLanguage":"de","potentialAction":[{"@type":"ReadAction","target":["https:\/\/www.phi-gmbh.eu\/de\/partner\/rx-solutions\/"]}]},{"@type":"BreadcrumbList","@id":"https:\/\/www.phi-gmbh.eu\/de\/partner\/rx-solutions\/#breadcrumb","itemListElement":[{"@type":"ListItem","position":1,"name":"Startseite","item":"https:\/\/www.phi-gmbh.eu\/de\/"},{"@type":"ListItem","position":2,"name":"Partner","item":"https:\/\/www.phi-gmbh.eu\/de\/partner\/"},{"@type":"ListItem","position":3,"name":"RX Solutions"}]},{"@type":"WebSite","@id":"https:\/\/www.phi-gmbh.eu\/#website","url":"https:\/\/www.phi-gmbh.eu\/","name":"www.phi-gmbh.eu","description":"X-Perts for your Analytical Challenges","publisher":{"@id":"https:\/\/www.phi-gmbh.eu\/#organization"},"potentialAction":[{"@type":"SearchAction","target":{"@type":"EntryPoint","urlTemplate":"https:\/\/www.phi-gmbh.eu\/?s={search_term_string}"},"query-input":{"@type":"PropertyValueSpecification","valueRequired":true,"valueName":"search_term_string"}}],"inLanguage":"de"},{"@type":"Organization","@id":"https:\/\/www.phi-gmbh.eu\/#organization","name":"Physical Electronics GmbH","url":"https:\/\/www.phi-gmbh.eu\/","logo":{"@type":"ImageObject","inLanguage":"de","@id":"https:\/\/www.phi-gmbh.eu\/#\/schema\/logo\/image\/","url":"https:\/\/www.phi-gmbh.eu\/wp-content\/uploads\/2022\/06\/Logo_PHI-GmbH_Vorabanpassung_V1_H150px.jpeg","contentUrl":"https:\/\/www.phi-gmbh.eu\/wp-content\/uploads\/2022\/06\/Logo_PHI-GmbH_Vorabanpassung_V1_H150px.jpeg","width":230,"height":150,"caption":"Physical Electronics GmbH"},"image":{"@id":"https:\/\/www.phi-gmbh.eu\/#\/schema\/logo\/image\/"},"sameAs":["https:\/\/www.linkedin.com\/company\/physical-electronics-gmbh"]}]}},"_links":{"self":[{"href":"https:\/\/www.phi-gmbh.eu\/de\/wp-json\/wp\/v2\/pages\/7148","targetHints":{"allow":["GET"]}}],"collection":[{"href":"https:\/\/www.phi-gmbh.eu\/de\/wp-json\/wp\/v2\/pages"}],"about":[{"href":"https:\/\/www.phi-gmbh.eu\/de\/wp-json\/wp\/v2\/types\/page"}],"author":[{"embeddable":true,"href":"https:\/\/www.phi-gmbh.eu\/de\/wp-json\/wp\/v2\/users\/3"}],"replies":[{"embeddable":true,"href":"https:\/\/www.phi-gmbh.eu\/de\/wp-json\/wp\/v2\/comments?post=7148"}],"version-history":[{"count":6,"href":"https:\/\/www.phi-gmbh.eu\/de\/wp-json\/wp\/v2\/pages\/7148\/revisions"}],"predecessor-version":[{"id":8228,"href":"https:\/\/www.phi-gmbh.eu\/de\/wp-json\/wp\/v2\/pages\/7148\/revisions\/8228"}],"up":[{"embeddable":true,"href":"https:\/\/www.phi-gmbh.eu\/de\/wp-json\/wp\/v2\/pages\/7122"}],"wp:attachment":[{"href":"https:\/\/www.phi-gmbh.eu\/de\/wp-json\/wp\/v2\/media?parent=7148"}],"curies":[{"name":"wp","href":"https:\/\/api.w.org\/{rel}","templated":true}]}}