{"id":7337,"date":"2023-06-08T10:42:48","date_gmt":"2023-06-08T08:42:48","guid":{"rendered":"https:\/\/www.phi-gmbh.eu\/?page_id=7337"},"modified":"2025-03-13T08:09:17","modified_gmt":"2025-03-13T07:09:17","slug":"vertrieb-und-marketing","status":"publish","type":"page","link":"https:\/\/www.phi-gmbh.eu\/de\/services\/vertrieb-und-marketing\/","title":{"rendered":"Vertrieb und Marketing"},"content":{"rendered":"<div class=\"fusion-fullwidth fullwidth-box fusion-builder-row-1 fusion-flex-container hundred-percent-fullwidth non-hundred-percent-height-scrolling\" style=\"--link_hover_color: var(--awb-color8);--link_color: var(--awb-color4);--awb-border-radius-top-left:0px;--awb-border-radius-top-right:0px;--awb-border-radius-bottom-right:0px;--awb-border-radius-bottom-left:0px;--awb-padding-top:90px;--awb-padding-right:4%;--awb-padding-bottom:90px;--awb-padding-left:4%;--awb-padding-right-medium:30.546999999999997px;--awb-padding-left-medium:49.547px;--awb-padding-top-small:39px;--awb-padding-right-small:30px;--awb-padding-left-small:30px;--awb-flex-wrap:wrap;\" ><div class=\"fusion-builder-row fusion-row fusion-flex-align-items-center fusion-flex-justify-content-center fusion-flex-content-wrap\" style=\"width:104% !important;max-width:104% !important;margin-left: calc(-4% \/ 2 );margin-right: calc(-4% \/ 2 );\"><div class=\"fusion-layout-column fusion_builder_column fusion-builder-column-0 fusion_builder_column_3_5 3_5 fusion-flex-column fusion-animated\" style=\"--awb-padding-top:60px;--awb-padding-right:160px;--awb-padding-bottom:40px;--awb-padding-left:60px;--awb-padding-right-medium:60px;--awb-bg-color:var(--awb-color1);--awb-bg-color-hover:var(--awb-color1);--awb-bg-size:cover;--awb-box-shadow:0px 20px 20px 0px hsla(var(--awb-color8-h),var(--awb-color8-s),calc( var(--awb-color8-l) - 7% ),calc( var(--awb-color8-a) - 85% ));;--awb-border-color:var(--awb-color4);--awb-border-top:8px;--awb-border-right:8px;--awb-border-bottom:8px;--awb-border-left:8px;--awb-border-style:solid;--awb-width-large:60%;--awb-margin-top-large:0px;--awb-spacing-right-large:-120px;--awb-margin-bottom-large:20px;--awb-spacing-left-large:16%;--awb-width-medium:100%;--awb-order-medium:0;--awb-spacing-right-medium:-120px;--awb-spacing-left-medium:0%;--awb-width-small:100%;--awb-order-small:0;--awb-spacing-right-small:1.92%;--awb-spacing-left-small:1.92%;\" data-animationType=\"fadeInLeft\" data-animationDuration=\"1.0\" data-animationOffset=\"top-into-view\"><div class=\"fusion-column-wrapper fusion-column-has-shadow fusion-flex-justify-content-flex-start fusion-content-layout-column\"><div class=\"fusion-text fusion-text-1 md-text-align-center sm-text-align-center\" style=\"--awb-font-size:var(--awb-typography2-font-size);--awb-line-height:var(--awb-typography2-line-height);--awb-letter-spacing:var(--awb-typography2-letter-spacing);--awb-text-transform:var(--awb-typography2-text-transform);--awb-text-font-family:var(--awb-typography2-font-family);--awb-text-font-weight:var(--awb-typography2-font-weight);--awb-text-font-style:var(--awb-typography2-font-style);\"><p><strong>Sofortiger Marktzugang<\/strong><\/p>\n<\/div><div class=\"fusion-title title fusion-title-1 fusion-sep-none fusion-title-text fusion-title-size-two\" style=\"--awb-margin-top:0px;--awb-margin-bottom:30px;--awb-font-size:60px;\"><h2 class=\"fusion-title-heading title-heading-left md-text-align-center sm-text-align-center\" style=\"margin:0;font-size:1em;text-transform:none;line-height:3rem;\">Vertrieb und Marketing f\u00fcr Ihren Gesch\u00e4ftserfolg<\/h2><\/div><div class=\"fusion-text fusion-text-2 md-text-align-center sm-text-align-center\"><p>Sie haben ein innovatives Team mit einem Produkt, das einen Mehrwert f\u00fcr die wissenschaftliche Forschung und Entwicklung bietet? Sie haben kein eigenes Vertriebs- und\/oder Marketingteam? Dann sind wir Ihr Partner.<\/p>\n<p>Mit uns als Distributor haben Sie direkten Zugang zu einer starken Vertriebs- und Serviceorganisation. Wir legen gro\u00dfen Wert auf eine enge Zusammenarbeit mit unseren Herstellern. Wir kennen ihre Produkte im Detail und sind kompetente Ansprechpartner f\u00fcr unsere Kunden. Unsere Kommunikation ist pr\u00e4zise und effizient.<\/p>\n<p>Unsere Vertriebs- und Marketingmitarbeiter verf\u00fcgen \u00fcber langj\u00e4hrige Erfahrung in der erfolgreichen Markteinf\u00fchrung technischer und wissenschaftlicher Produkte. Unsere Kunden sch\u00e4tzen unseren beratenden Vertriebsansatz, der auf Vertrauen und langfristigen Gesch\u00e4ftsbeziehungen basiert. Unsere Abteilungen arbeiten eng zusammen, um schnelle und nachhaltige Markterfolge zu erzielen.<\/p>\n<p>Kontaktieren Sie uns: <a href=\"mailto:eurosales@phi-europe.com\">eurosales@phi-europe.com<\/a><\/p>\n<\/div><div class=\"fusion-separator fusion-full-width-sep\" style=\"align-self: center;margin-left: auto;margin-right: auto;margin-top:15px;width:100%;\"><\/div><div class=\"fusion-text fusion-text-3 md-text-align-center sm-text-align-center usp\" style=\"--awb-font-size:14px;--awb-letter-spacing:2px;--awb-text-color:var(--awb-color4);\"><p><a href=\"https:\/\/www.phi-gmbh.eu\/de\/ueber-uns\/unser-team\/\">LERNEN SIE DAS TEAM KENNEN<\/a><\/p>\n<\/div><\/div><\/div><div class=\"fusion-layout-column fusion_builder_column fusion-builder-column-1 fusion_builder_column_2_5 2_5 fusion-flex-column fusion-no-small-visibility fusion-no-medium-visibility fusion-animated\" style=\"--awb-padding-left:34px;--awb-bg-size:cover;--awb-width-large:40%;--awb-margin-top-large:0px;--awb-spacing-right-large:0%;--awb-margin-bottom-large:2px;--awb-spacing-left-large:-60px;--awb-width-medium:100%;--awb-order-medium:0;--awb-margin-top-medium:-70px;--awb-spacing-right-medium:0%;--awb-spacing-left-medium:31px;--awb-width-small:100%;--awb-order-small:0;--awb-spacing-right-small:1.92%;--awb-spacing-left-small:1.92%;\" data-animationType=\"fadeInRight\" data-animationDuration=\"1.0\" data-animationOffset=\"top-into-view\"><div class=\"fusion-column-wrapper fusion-column-has-shadow fusion-flex-justify-content-flex-start fusion-content-layout-column\"><div class=\"fusion-image-element \" style=\"--awb-aspect-ratio: 100 \/ 100;--awb-object-position:28% 26%;--awb-mask-url: url(https:\/\/www.phi-gmbh.eu\/wp-content\/plugins\/fusion-builder\/\/assets\/images\/masks\/mask-10.svg);--awb-mask-size: cover;--awb-margin-right:20px;--awb-caption-title-font-family:var(--h2_typography-font-family);--awb-caption-title-font-weight:var(--h2_typography-font-weight);--awb-caption-title-font-style:var(--h2_typography-font-style);--awb-caption-title-size:var(--h2_typography-font-size);--awb-caption-title-transform:var(--h2_typography-text-transform);--awb-caption-title-line-height:var(--h2_typography-line-height);--awb-caption-title-letter-spacing:var(--h2_typography-letter-spacing);\"><span class=\" fusion-imageframe imageframe-none imageframe-1 hover-type-none has-mask has-aspect-ratio\"><img decoding=\"async\" width=\"1000\" height=\"837\" title=\"Sales-Marketing_Team_frei\" src=\"https:\/\/www.phi-gmbh.eu\/wp-content\/uploads\/2025\/03\/Sales-Marketing_Team_frei-scaled.jpg\" data-orig-src=\"https:\/\/www.phi-gmbh.eu\/wp-content\/uploads\/2025\/03\/Sales-Marketing_Team_frei-1024x857.jpg\" class=\"lazyload img-responsive wp-image-10565 img-with-aspect-ratio\" data-parent-fit=\"cover\" data-parent-container=\".fusion-image-element\" alt srcset=\"data:image\/svg+xml,%3Csvg%20xmlns%3D%27http%3A%2F%2Fwww.w3.org%2F2000%2Fsvg%27%20width%3D%272560%27%20height%3D%272142%27%20viewBox%3D%270%200%202560%202142%27%3E%3Crect%20width%3D%272560%27%20height%3D%272142%27%20fill-opacity%3D%220%22%2F%3E%3C%2Fsvg%3E\" data-srcset=\"https:\/\/www.phi-gmbh.eu\/wp-content\/uploads\/2025\/03\/Sales-Marketing_Team_frei-200x167.jpg 200w, https:\/\/www.phi-gmbh.eu\/wp-content\/uploads\/2025\/03\/Sales-Marketing_Team_frei-400x335.jpg 400w, https:\/\/www.phi-gmbh.eu\/wp-content\/uploads\/2025\/03\/Sales-Marketing_Team_frei-600x502.jpg 600w, https:\/\/www.phi-gmbh.eu\/wp-content\/uploads\/2025\/03\/Sales-Marketing_Team_frei-800x669.jpg 800w, https:\/\/www.phi-gmbh.eu\/wp-content\/uploads\/2025\/03\/Sales-Marketing_Team_frei-1200x1004.jpg 1200w\" data-sizes=\"auto\" data-orig-sizes=\"(max-width: 640px) 100vw, 400px\" \/><\/span><\/div><\/div><\/div><\/div><\/div>\n","protected":false},"excerpt":{"rendered":"","protected":false},"author":3,"featured_media":0,"parent":7324,"menu_order":0,"comment_status":"closed","ping_status":"closed","template":"100-width.php","meta":{"footnotes":""},"class_list":["post-7337","page","type-page","status-publish","hentry"],"yoast_head":"<!-- This site is optimized with the Yoast SEO plugin v27.3 - https:\/\/yoast.com\/product\/yoast-seo-wordpress\/ -->\n<title>Vertrieb und Marketing - Physical Electronics GmbH<\/title>\n<meta name=\"description\" content=\"Unser Vertriebs- und Marketingteam verf\u00fcgt \u00fcber langj\u00e4hrige Erfahrung in der erfolgreichen Einf\u00fchrung von technischen und wissenschaftlichen Produkten in unserem Markt. Unsere Kunden sch\u00e4tzen den beratenden, vertrauensvollen Verkaufsansatz und die langfristigen Gesch\u00e4ftsbeziehungen.\" \/>\n<meta name=\"robots\" content=\"index, follow, max-snippet:-1, max-image-preview:large, max-video-preview:-1\" \/>\n<link rel=\"canonical\" href=\"https:\/\/www.phi-gmbh.eu\/de\/services\/vertrieb-und-marketing\/\" \/>\n<meta property=\"og:locale\" content=\"de_DE\" \/>\n<meta property=\"og:type\" content=\"article\" \/>\n<meta property=\"og:title\" content=\"Vertrieb und Marketing - Physical Electronics GmbH\" \/>\n<meta property=\"og:description\" content=\"Unser Vertriebs- und Marketingteam verf\u00fcgt \u00fcber langj\u00e4hrige Erfahrung in der erfolgreichen Einf\u00fchrung von technischen und wissenschaftlichen Produkten in unserem Markt. Unsere Kunden sch\u00e4tzen den beratenden, vertrauensvollen Verkaufsansatz und die langfristigen Gesch\u00e4ftsbeziehungen.\" \/>\n<meta property=\"og:url\" content=\"https:\/\/www.phi-gmbh.eu\/de\/services\/vertrieb-und-marketing\/\" \/>\n<meta property=\"og:site_name\" content=\"Physical Electronics GmbH\" \/>\n<meta property=\"article:modified_time\" content=\"2025-03-13T07:09:17+00:00\" \/>\n<meta name=\"twitter:card\" content=\"summary_large_image\" \/>\n<meta name=\"twitter:label1\" content=\"Gesch\u00e4tzte Lesezeit\" \/>\n\t<meta name=\"twitter:data1\" content=\"4\u00a0Minuten\" \/>\n<script type=\"application\/ld+json\" class=\"yoast-schema-graph\">{\"@context\":\"https:\\\/\\\/schema.org\",\"@graph\":[{\"@type\":\"WebPage\",\"@id\":\"https:\\\/\\\/www.phi-gmbh.eu\\\/de\\\/services\\\/vertrieb-und-marketing\\\/\",\"url\":\"https:\\\/\\\/www.phi-gmbh.eu\\\/de\\\/services\\\/vertrieb-und-marketing\\\/\",\"name\":\"Vertrieb und Marketing - Physical Electronics GmbH\",\"isPartOf\":{\"@id\":\"https:\\\/\\\/www.phi-gmbh.eu\\\/#website\"},\"datePublished\":\"2023-06-08T08:42:48+00:00\",\"dateModified\":\"2025-03-13T07:09:17+00:00\",\"description\":\"Unser Vertriebs- und Marketingteam verf\u00fcgt \u00fcber langj\u00e4hrige Erfahrung in der erfolgreichen Einf\u00fchrung von technischen und wissenschaftlichen Produkten in unserem Markt. Unsere Kunden sch\u00e4tzen den beratenden, vertrauensvollen Verkaufsansatz und die langfristigen Gesch\u00e4ftsbeziehungen.\",\"breadcrumb\":{\"@id\":\"https:\\\/\\\/www.phi-gmbh.eu\\\/de\\\/services\\\/vertrieb-und-marketing\\\/#breadcrumb\"},\"inLanguage\":\"de\",\"potentialAction\":[{\"@type\":\"ReadAction\",\"target\":[\"https:\\\/\\\/www.phi-gmbh.eu\\\/de\\\/services\\\/vertrieb-und-marketing\\\/\"]}]},{\"@type\":\"BreadcrumbList\",\"@id\":\"https:\\\/\\\/www.phi-gmbh.eu\\\/de\\\/services\\\/vertrieb-und-marketing\\\/#breadcrumb\",\"itemListElement\":[{\"@type\":\"ListItem\",\"position\":1,\"name\":\"Startseite\",\"item\":\"https:\\\/\\\/www.phi-gmbh.eu\\\/de\\\/\"},{\"@type\":\"ListItem\",\"position\":2,\"name\":\"Services\",\"item\":\"https:\\\/\\\/www.phi-gmbh.eu\\\/de\\\/services\\\/\"},{\"@type\":\"ListItem\",\"position\":3,\"name\":\"Vertrieb und Marketing\"}]},{\"@type\":\"WebSite\",\"@id\":\"https:\\\/\\\/www.phi-gmbh.eu\\\/#website\",\"url\":\"https:\\\/\\\/www.phi-gmbh.eu\\\/\",\"name\":\"www.phi-gmbh.eu\",\"description\":\"X-Perts for your Analytical Challenges\",\"publisher\":{\"@id\":\"https:\\\/\\\/www.phi-gmbh.eu\\\/#organization\"},\"potentialAction\":[{\"@type\":\"SearchAction\",\"target\":{\"@type\":\"EntryPoint\",\"urlTemplate\":\"https:\\\/\\\/www.phi-gmbh.eu\\\/?s={search_term_string}\"},\"query-input\":{\"@type\":\"PropertyValueSpecification\",\"valueRequired\":true,\"valueName\":\"search_term_string\"}}],\"inLanguage\":\"de\"},{\"@type\":\"Organization\",\"@id\":\"https:\\\/\\\/www.phi-gmbh.eu\\\/#organization\",\"name\":\"Physical Electronics GmbH\",\"url\":\"https:\\\/\\\/www.phi-gmbh.eu\\\/\",\"logo\":{\"@type\":\"ImageObject\",\"inLanguage\":\"de\",\"@id\":\"https:\\\/\\\/www.phi-gmbh.eu\\\/#\\\/schema\\\/logo\\\/image\\\/\",\"url\":\"https:\\\/\\\/www.phi-gmbh.eu\\\/wp-content\\\/uploads\\\/2022\\\/06\\\/Logo_PHI-GmbH_Vorabanpassung_V1_H150px.jpeg\",\"contentUrl\":\"https:\\\/\\\/www.phi-gmbh.eu\\\/wp-content\\\/uploads\\\/2022\\\/06\\\/Logo_PHI-GmbH_Vorabanpassung_V1_H150px.jpeg\",\"width\":230,\"height\":150,\"caption\":\"Physical Electronics GmbH\"},\"image\":{\"@id\":\"https:\\\/\\\/www.phi-gmbh.eu\\\/#\\\/schema\\\/logo\\\/image\\\/\"},\"sameAs\":[\"https:\\\/\\\/www.linkedin.com\\\/company\\\/physical-electronics-gmbh\"]}]}<\/script>\n<!-- \/ Yoast SEO plugin. -->","yoast_head_json":{"title":"Vertrieb und Marketing - Physical Electronics GmbH","description":"Unser Vertriebs- und Marketingteam verf\u00fcgt \u00fcber langj\u00e4hrige Erfahrung in der erfolgreichen Einf\u00fchrung von technischen und wissenschaftlichen Produkten in unserem Markt. Unsere Kunden sch\u00e4tzen den beratenden, vertrauensvollen Verkaufsansatz und die langfristigen Gesch\u00e4ftsbeziehungen.","robots":{"index":"index","follow":"follow","max-snippet":"max-snippet:-1","max-image-preview":"max-image-preview:large","max-video-preview":"max-video-preview:-1"},"canonical":"https:\/\/www.phi-gmbh.eu\/de\/services\/vertrieb-und-marketing\/","og_locale":"de_DE","og_type":"article","og_title":"Vertrieb und Marketing - Physical Electronics GmbH","og_description":"Unser Vertriebs- und Marketingteam verf\u00fcgt \u00fcber langj\u00e4hrige Erfahrung in der erfolgreichen Einf\u00fchrung von technischen und wissenschaftlichen Produkten in unserem Markt. Unsere Kunden sch\u00e4tzen den beratenden, vertrauensvollen Verkaufsansatz und die langfristigen Gesch\u00e4ftsbeziehungen.","og_url":"https:\/\/www.phi-gmbh.eu\/de\/services\/vertrieb-und-marketing\/","og_site_name":"Physical Electronics GmbH","article_modified_time":"2025-03-13T07:09:17+00:00","twitter_card":"summary_large_image","twitter_misc":{"Gesch\u00e4tzte Lesezeit":"4\u00a0Minuten"},"schema":{"@context":"https:\/\/schema.org","@graph":[{"@type":"WebPage","@id":"https:\/\/www.phi-gmbh.eu\/de\/services\/vertrieb-und-marketing\/","url":"https:\/\/www.phi-gmbh.eu\/de\/services\/vertrieb-und-marketing\/","name":"Vertrieb und Marketing - Physical Electronics GmbH","isPartOf":{"@id":"https:\/\/www.phi-gmbh.eu\/#website"},"datePublished":"2023-06-08T08:42:48+00:00","dateModified":"2025-03-13T07:09:17+00:00","description":"Unser Vertriebs- und Marketingteam verf\u00fcgt \u00fcber langj\u00e4hrige Erfahrung in der erfolgreichen Einf\u00fchrung von technischen und wissenschaftlichen Produkten in unserem Markt. Unsere Kunden sch\u00e4tzen den beratenden, vertrauensvollen Verkaufsansatz und die langfristigen Gesch\u00e4ftsbeziehungen.","breadcrumb":{"@id":"https:\/\/www.phi-gmbh.eu\/de\/services\/vertrieb-und-marketing\/#breadcrumb"},"inLanguage":"de","potentialAction":[{"@type":"ReadAction","target":["https:\/\/www.phi-gmbh.eu\/de\/services\/vertrieb-und-marketing\/"]}]},{"@type":"BreadcrumbList","@id":"https:\/\/www.phi-gmbh.eu\/de\/services\/vertrieb-und-marketing\/#breadcrumb","itemListElement":[{"@type":"ListItem","position":1,"name":"Startseite","item":"https:\/\/www.phi-gmbh.eu\/de\/"},{"@type":"ListItem","position":2,"name":"Services","item":"https:\/\/www.phi-gmbh.eu\/de\/services\/"},{"@type":"ListItem","position":3,"name":"Vertrieb und Marketing"}]},{"@type":"WebSite","@id":"https:\/\/www.phi-gmbh.eu\/#website","url":"https:\/\/www.phi-gmbh.eu\/","name":"www.phi-gmbh.eu","description":"X-Perts for your Analytical Challenges","publisher":{"@id":"https:\/\/www.phi-gmbh.eu\/#organization"},"potentialAction":[{"@type":"SearchAction","target":{"@type":"EntryPoint","urlTemplate":"https:\/\/www.phi-gmbh.eu\/?s={search_term_string}"},"query-input":{"@type":"PropertyValueSpecification","valueRequired":true,"valueName":"search_term_string"}}],"inLanguage":"de"},{"@type":"Organization","@id":"https:\/\/www.phi-gmbh.eu\/#organization","name":"Physical Electronics GmbH","url":"https:\/\/www.phi-gmbh.eu\/","logo":{"@type":"ImageObject","inLanguage":"de","@id":"https:\/\/www.phi-gmbh.eu\/#\/schema\/logo\/image\/","url":"https:\/\/www.phi-gmbh.eu\/wp-content\/uploads\/2022\/06\/Logo_PHI-GmbH_Vorabanpassung_V1_H150px.jpeg","contentUrl":"https:\/\/www.phi-gmbh.eu\/wp-content\/uploads\/2022\/06\/Logo_PHI-GmbH_Vorabanpassung_V1_H150px.jpeg","width":230,"height":150,"caption":"Physical Electronics GmbH"},"image":{"@id":"https:\/\/www.phi-gmbh.eu\/#\/schema\/logo\/image\/"},"sameAs":["https:\/\/www.linkedin.com\/company\/physical-electronics-gmbh"]}]}},"_links":{"self":[{"href":"https:\/\/www.phi-gmbh.eu\/de\/wp-json\/wp\/v2\/pages\/7337","targetHints":{"allow":["GET"]}}],"collection":[{"href":"https:\/\/www.phi-gmbh.eu\/de\/wp-json\/wp\/v2\/pages"}],"about":[{"href":"https:\/\/www.phi-gmbh.eu\/de\/wp-json\/wp\/v2\/types\/page"}],"author":[{"embeddable":true,"href":"https:\/\/www.phi-gmbh.eu\/de\/wp-json\/wp\/v2\/users\/3"}],"replies":[{"embeddable":true,"href":"https:\/\/www.phi-gmbh.eu\/de\/wp-json\/wp\/v2\/comments?post=7337"}],"version-history":[{"count":5,"href":"https:\/\/www.phi-gmbh.eu\/de\/wp-json\/wp\/v2\/pages\/7337\/revisions"}],"predecessor-version":[{"id":10567,"href":"https:\/\/www.phi-gmbh.eu\/de\/wp-json\/wp\/v2\/pages\/7337\/revisions\/10567"}],"up":[{"embeddable":true,"href":"https:\/\/www.phi-gmbh.eu\/de\/wp-json\/wp\/v2\/pages\/7324"}],"wp:attachment":[{"href":"https:\/\/www.phi-gmbh.eu\/de\/wp-json\/wp\/v2\/media?parent=7337"}],"curies":[{"name":"wp","href":"https:\/\/api.w.org\/{rel}","templated":true}]}}