{"id":7338,"date":"2023-06-08T10:32:13","date_gmt":"2023-06-08T08:32:13","guid":{"rendered":"https:\/\/www.phi-gmbh.eu\/?page_id=7338"},"modified":"2023-07-05T16:36:46","modified_gmt":"2023-07-05T14:36:46","slug":"service-und-support","status":"publish","type":"page","link":"https:\/\/www.phi-gmbh.eu\/de\/services\/service-und-support\/","title":{"rendered":"Service und Support"},"content":{"rendered":"<p><div class=\"fusion-fullwidth fullwidth-box fusion-builder-row-1 fusion-flex-container hundred-percent-fullwidth non-hundred-percent-height-scrolling\" style=\"--link_hover_color: var(--awb-color8);--link_color: var(--awb-color4);--awb-border-radius-top-left:0px;--awb-border-radius-top-right:0px;--awb-border-radius-bottom-right:0px;--awb-border-radius-bottom-left:0px;--awb-padding-top:90px;--awb-padding-right:4%;--awb-padding-bottom:90px;--awb-padding-left:4%;--awb-padding-right-medium:30.546999999999997px;--awb-padding-left-medium:49.547px;--awb-padding-top-small:39px;--awb-padding-right-small:30px;--awb-padding-left-small:30px;--awb-flex-wrap:wrap;\" ><div class=\"fusion-builder-row fusion-row fusion-flex-align-items-center fusion-flex-justify-content-center fusion-flex-content-wrap\" style=\"width:104% !important;max-width:104% !important;margin-left: calc(-4% \/ 2 );margin-right: calc(-4% \/ 2 );\"><div class=\"fusion-layout-column fusion_builder_column fusion-builder-column-0 fusion_builder_column_3_5 3_5 fusion-flex-column fusion-animated\" style=\"--awb-padding-top:60px;--awb-padding-right:160px;--awb-padding-bottom:40px;--awb-padding-left:60px;--awb-padding-right-medium:60px;--awb-bg-color:var(--awb-color1);--awb-bg-color-hover:var(--awb-color1);--awb-bg-size:cover;--awb-box-shadow:0px 20px 20px 0px hsla(var(--awb-color8-h),var(--awb-color8-s),calc( var(--awb-color8-l) - 7% ),calc( var(--awb-color8-a) - 85% ));;--awb-border-color:var(--awb-color4);--awb-border-top:8px;--awb-border-right:8px;--awb-border-bottom:8px;--awb-border-left:8px;--awb-border-style:solid;--awb-width-large:60%;--awb-margin-top-large:0px;--awb-spacing-right-large:-120px;--awb-margin-bottom-large:20px;--awb-spacing-left-large:16%;--awb-width-medium:100%;--awb-order-medium:0;--awb-spacing-right-medium:-120px;--awb-spacing-left-medium:0%;--awb-width-small:100%;--awb-order-small:0;--awb-spacing-right-small:1.92%;--awb-spacing-left-small:1.92%;\" data-animationType=\"fadeInLeft\" data-animationDuration=\"1.0\" data-animationOffset=\"top-into-view\"><div class=\"fusion-column-wrapper fusion-column-has-shadow fusion-flex-justify-content-flex-start fusion-content-layout-column\"><div class=\"fusion-text fusion-text-1 md-text-align-center sm-text-align-center\" style=\"--awb-font-size:var(--awb-typography2-font-size);--awb-line-height:var(--awb-typography2-line-height);--awb-letter-spacing:var(--awb-typography2-letter-spacing);--awb-text-transform:var(--awb-typography2-text-transform);--awb-text-font-family:var(--awb-typography2-font-family);--awb-text-font-weight:var(--awb-typography2-font-weight);--awb-text-font-style:var(--awb-typography2-font-style);\"><p><strong>Exzellenter After Sales Support<\/strong><\/p>\n<\/div><div class=\"fusion-title title fusion-title-1 fusion-sep-none fusion-title-text fusion-title-size-two\" style=\"--awb-margin-top:0px;--awb-margin-bottom:30px;--awb-font-size:60px;\"><h2 class=\"fusion-title-heading title-heading-left md-text-align-center sm-text-align-center\" style=\"margin:0;font-size:1em;text-transform:none;line-height:3rem;\">Kundenservice und After Sales Support<\/h2><\/div><div class=\"fusion-text fusion-text-2 md-text-align-center sm-text-align-center\"><p>Ein exzellenter After-Sales-Support f\u00fcr unsere Kunden ist uns sehr wichtig. Wir m\u00f6chten, dass Ihre Systeme viele Jahre lang stabil und zuverl\u00e4ssig arbeiten. Derzeit betreuen wir Systeme, die seit 25 Jahren und l\u00e4nger in Betrieb sind.<\/p>\n<p>In unserem Lager in M\u00fcnchen halten wir alle wichtigen Ersatzteile vorr\u00e4tig, und unsere Versandabteilung sorgt daf\u00fcr, dass sie im Notfall innerhalb von 24 Stunden bei Ihnen sind. Unser Lagermanagement ist darauf ausgerichtet, immer gen\u00fcgend Ersatzteile vorr\u00e4tig zu haben. Gerade bei den aktuellen Lieferengp\u00e4ssen ist dies ein entscheidender Vorteil.<\/p>\n<p>Alle Servicetechniker sind von unseren Herstellern geschult und zertifiziert. So stellen wir sicher, dass Sie immer einen kompetenten Ansprechpartner am Telefon haben. F\u00fcr besonders knifflige F\u00e4lle stehen Produktspezialisten zur Verf\u00fcgung.<\/p>\n<p>Sie erreichen uns unter <a href=\"mailto:euroserv@phi-europe.com\">euroserv@phi-europe.com<\/a>.<\/p>\n<\/div><div class=\"fusion-separator fusion-full-width-sep\" style=\"align-self: center;margin-left: auto;margin-right: auto;margin-top:15px;width:100%;\"><\/div><div class=\"fusion-text fusion-text-3 md-text-align-center sm-text-align-center usp\" style=\"--awb-font-size:14px;--awb-letter-spacing:2px;--awb-text-color:var(--awb-color4);\"><p><b><i class=\"awb-butcher-long-arrow-alt-right\"><\/i><a href=\"https:\/\/www.phi-gmbh.eu\/de\/ueber-uns\/unser-team\/\" target=\"_blank\" rel=\"noopener\">LERNEN SIE UNSER TEAM KENNEN<\/a><\/b><\/p>\n<\/div><div class=\"fusion-text fusion-text-4 md-text-align-center sm-text-align-center usp\" style=\"--awb-font-size:14px;--awb-letter-spacing:2px;--awb-text-color:var(--awb-color4);\"><p><b><i class=\"awb-butcher-long-arrow-alt-right\"><\/i><a href=\"https:\/\/get.teamviewer.com\/phiquick\" target=\"_blank\" rel=\"noopener\">TEAMVIEWER DOWNLOADEN F\u00dcR SCHNELLEN SUPPORT<\/a><\/b><\/p>\n<\/div><\/div><\/div><div class=\"fusion-layout-column fusion_builder_column fusion-builder-column-1 fusion_builder_column_2_5 2_5 fusion-flex-column fusion-no-small-visibility fusion-no-medium-visibility fusion-animated\" style=\"--awb-padding-top:60px;--awb-bg-size:cover;--awb-width-large:40%;--awb-margin-top-large:0px;--awb-spacing-right-large:-60px;--awb-margin-bottom-large:2px;--awb-spacing-left-large:-60px;--awb-width-medium:100%;--awb-order-medium:0;--awb-margin-top-medium:-70px;--awb-spacing-right-medium:-60px;--awb-spacing-left-medium:31px;--awb-width-small:100%;--awb-order-small:0;--awb-spacing-right-small:1.92%;--awb-spacing-left-small:1.92%;\" data-animationType=\"fadeInRight\" data-animationDuration=\"1.0\" data-animationOffset=\"top-into-view\"><div class=\"fusion-column-wrapper fusion-column-has-shadow fusion-flex-justify-content-flex-start fusion-content-layout-column\"><div class=\"fusion-image-element \" style=\"--awb-mask-url: url(https:\/\/www.phi-gmbh.eu\/wp-content\/plugins\/fusion-builder\/\/assets\/images\/masks\/mask-17.svg);--awb-mask-size: cover;--awb-margin-right:20px;--awb-caption-title-font-family:var(--h2_typography-font-family);--awb-caption-title-font-weight:var(--h2_typography-font-weight);--awb-caption-title-font-style:var(--h2_typography-font-style);--awb-caption-title-size:var(--h2_typography-font-size);--awb-caption-title-transform:var(--h2_typography-text-transform);--awb-caption-title-line-height:var(--h2_typography-line-height);--awb-caption-title-letter-spacing:var(--h2_typography-letter-spacing);\"><span class=\" fusion-imageframe imageframe-none imageframe-1 hover-type-none has-mask\"><img decoding=\"async\" width=\"2040\" height=\"1848\" title=\"Service-Team_Juni23\" src=\"https:\/\/www.phi-gmbh.eu\/wp-content\/uploads\/2023\/07\/Service-Team_Juni23-1.jpg\" data-orig-src=\"https:\/\/www.phi-gmbh.eu\/wp-content\/uploads\/2023\/07\/Service-Team_Juni23-1.jpg\" alt class=\"lazyload img-responsive wp-image-8014\" srcset=\"data:image\/svg+xml,%3Csvg%20xmlns%3D%27http%3A%2F%2Fwww.w3.org%2F2000%2Fsvg%27%20width%3D%272040%27%20height%3D%271848%27%20viewBox%3D%270%200%202040%201848%27%3E%3Crect%20width%3D%272040%27%20height%3D%271848%27%20fill-opacity%3D%220%22%2F%3E%3C%2Fsvg%3E\" data-srcset=\"https:\/\/www.phi-gmbh.eu\/wp-content\/uploads\/2023\/07\/Service-Team_Juni23-1-200x181.jpg 200w, https:\/\/www.phi-gmbh.eu\/wp-content\/uploads\/2023\/07\/Service-Team_Juni23-1-400x362.jpg 400w, https:\/\/www.phi-gmbh.eu\/wp-content\/uploads\/2023\/07\/Service-Team_Juni23-1-600x544.jpg 600w, https:\/\/www.phi-gmbh.eu\/wp-content\/uploads\/2023\/07\/Service-Team_Juni23-1-800x725.jpg 800w, https:\/\/www.phi-gmbh.eu\/wp-content\/uploads\/2023\/07\/Service-Team_Juni23-1-1200x1087.jpg 1200w, https:\/\/www.phi-gmbh.eu\/wp-content\/uploads\/2023\/07\/Service-Team_Juni23-1.jpg 2040w\" data-sizes=\"auto\" data-orig-sizes=\"(max-width: 640px) 100vw, 600px\" \/><\/span><\/div><\/div><\/div><\/div><\/div><div class=\"fusion-fullwidth fullwidth-box fusion-builder-row-2 fusion-flex-container has-pattern-background has-mask-background nonhundred-percent-fullwidth non-hundred-percent-height-scrolling\" style=\"--awb-border-radius-top-left:0px;--awb-border-radius-top-right:0px;--awb-border-radius-bottom-right:0px;--awb-border-radius-bottom-left:0px;--awb-flex-wrap:wrap;\" ><div class=\"fusion-builder-row fusion-row fusion-flex-align-items-flex-start fusion-flex-content-wrap\" style=\"max-width:1040px;margin-left: calc(-4% \/ 2 );margin-right: calc(-4% \/ 2 );\"><div class=\"fusion-layout-column fusion_builder_column fusion-builder-column-2 fusion_builder_column_1_2 1_2 fusion-flex-column\" style=\"--awb-bg-size:cover;--awb-box-shadow:0px 20px 20px 0px hsla(var(--awb-color8-h),var(--awb-color8-s),calc(var(--awb-color8-l) - 7%),calc(var(--awb-color8-a) - 85%));;--awb-width-large:50%;--awb-margin-top-large:0px;--awb-spacing-right-large:3.84%;--awb-margin-bottom-large:20px;--awb-spacing-left-large:3.84%;--awb-width-medium:50%;--awb-order-medium:0;--awb-spacing-right-medium:3.84%;--awb-spacing-left-medium:3.84%;--awb-width-small:100%;--awb-order-small:0;--awb-spacing-right-small:1.92%;--awb-spacing-left-small:1.92%;\" data-scroll-devices=\"small-visibility,medium-visibility,large-visibility\"><div class=\"fusion-column-wrapper fusion-column-has-shadow fusion-flex-justify-content-flex-start fusion-content-layout-column\"><div class=\"fusion-image-element \" style=\"--awb-caption-title-font-family:var(--h2_typography-font-family);--awb-caption-title-font-weight:var(--h2_typography-font-weight);--awb-caption-title-font-style:var(--h2_typography-font-style);--awb-caption-title-size:var(--h2_typography-font-size);--awb-caption-title-transform:var(--h2_typography-text-transform);--awb-caption-title-line-height:var(--h2_typography-line-height);--awb-caption-title-letter-spacing:var(--h2_typography-letter-spacing);\"><span class=\" fusion-imageframe imageframe-none imageframe-2 hover-type-none\"><img decoding=\"async\" width=\"500\" height=\"100\" title=\"Mixed-Reality_500x100\" src=\"https:\/\/www.phi-gmbh.eu\/wp-content\/uploads\/2023\/05\/Mixed-Reality_500x100.png\" data-orig-src=\"https:\/\/www.phi-gmbh.eu\/wp-content\/uploads\/2023\/05\/Mixed-Reality_500x100.png\" alt class=\"lazyload img-responsive wp-image-7599\" srcset=\"data:image\/svg+xml,%3Csvg%20xmlns%3D%27http%3A%2F%2Fwww.w3.org%2F2000%2Fsvg%27%20width%3D%27500%27%20height%3D%27100%27%20viewBox%3D%270%200%20500%20100%27%3E%3Crect%20width%3D%27500%27%20height%3D%27100%27%20fill-opacity%3D%220%22%2F%3E%3C%2Fsvg%3E\" data-srcset=\"https:\/\/www.phi-gmbh.eu\/wp-content\/uploads\/2023\/05\/Mixed-Reality_500x100-200x40.png 200w, https:\/\/www.phi-gmbh.eu\/wp-content\/uploads\/2023\/05\/Mixed-Reality_500x100-400x80.png 400w, https:\/\/www.phi-gmbh.eu\/wp-content\/uploads\/2023\/05\/Mixed-Reality_500x100.png 500w\" data-sizes=\"auto\" data-orig-sizes=\"(max-width: 640px) 100vw, 500px\" \/><\/span><\/div><ul style=\"--awb-size:20px;--awb-iconcolor:var(--awb-color6);--awb-textcolor:var(--awb-color8);--awb-line-height:34px;--awb-icon-width:34px;--awb-icon-height:34px;--awb-icon-margin:14px;--awb-content-margin:48px;\" class=\"fusion-checklist fusion-checklist-1 fusion-checklist-default type-icons\"><li class=\"fusion-li-item\" style=\"\"><span class=\"icon-wrapper circle-no\"><i class=\"fusion-li-icon fa-check-double fas\" aria-hidden=\"true\"><\/i><\/span><div class=\"fusion-li-item-content\">Pr\u00e4zise Fehlersuche<\/div><\/li><li class=\"fusion-li-item\" style=\"\"><span class=\"icon-wrapper circle-no\"><i class=\"fusion-li-icon fa-check-double fas\" aria-hidden=\"true\"><\/i><\/span><div class=\"fusion-li-item-content\">Unterst\u00fctzung durch qualifizierte Techniker<\/div><\/li><li class=\"fusion-li-item\" style=\"\"><span class=\"icon-wrapper circle-no\"><i class=\"fusion-li-icon fa-check-double fas\" aria-hidden=\"true\"><\/i><\/span><div class=\"fusion-li-item-content\">Zusatzinformationen auf dem Display<\/div><\/li><li class=\"fusion-li-item\" style=\"\"><span class=\"icon-wrapper circle-no\"><i class=\"fusion-li-icon fa-check-double fas\" aria-hidden=\"true\"><\/i><\/span><div class=\"fusion-li-item-content\">Hohe Verf\u00fcgbarkeit<\/div><\/li><li class=\"fusion-li-item\" style=\"\"><span class=\"icon-wrapper circle-no\"><i class=\"fusion-li-icon fa-check-double fas\" aria-hidden=\"true\"><\/i><\/span><div class=\"fusion-li-item-content\">Schnelle Reaktion<\/div><\/li><\/ul><\/div><\/div><div class=\"fusion-layout-column fusion_builder_column fusion-builder-column-3 fusion_builder_column_1_2 1_2 fusion-flex-column\" style=\"--awb-bg-size:cover;--awb-width-large:50%;--awb-margin-top-large:0px;--awb-spacing-right-large:3.84%;--awb-margin-bottom-large:20px;--awb-spacing-left-large:3.84%;--awb-width-medium:50%;--awb-order-medium:0;--awb-spacing-right-medium:3.84%;--awb-spacing-left-medium:3.84%;--awb-width-small:100%;--awb-order-small:0;--awb-spacing-right-small:1.92%;--awb-spacing-left-small:1.92%;\"><div class=\"fusion-column-wrapper fusion-column-has-shadow fusion-flex-justify-content-flex-start fusion-content-layout-column\"><div class=\"fusion-title title fusion-title-2 fusion-sep-none fusion-title-text fusion-title-size-one\"><h1 class=\"fusion-title-heading title-heading-left\" style=\"margin:0;text-transform:capitalize;\">Mixed Reality<\/h1><\/div><div class=\"fusion-text fusion-text-5\"><p>Wir unterst\u00fctzen Sie bei der vorbeugenden Wartung, kleineren Reparaturen und dem Austausch ausgew\u00e4hlter Verbrauchsmaterialien an der Anlage. Dies erm\u00f6glicht eine Kombination aus Reality (unter Verwendung der HoloLens) und Fernwartung (TeamViewer), um neue Wendeln in Betrieb zu nehmen und notwendige Einstellungen vorzunehmen.<\/p>\n<\/div><div class=\"fusion-text fusion-text-6\" style=\"--awb-text-color:var(--awb-color4);\"><p><strong>BROSCH\u00dcREN DOWNLOAD<\/strong><\/p>\n<\/div><div class=\"fusion-text fusion-text-7\"><p>Ihre E-Mail Adresse im Tausch gegen jede Menge wertvoller Infos\u2026<\/p>\n<\/div><iframe width=\"540\" height=\"1050\" src=\"https:\/\/45891d19.sibforms.com\/serve\/MUIEAPwc73KgPdCULRAdSy7dhasHOkQjryXcaC5czxX7HtwOkgiuzuxCixpP_CcXrtM6YbGHZx4Ydwv0-IEeHSvl5w0y37jJqhnzGLLenzowlGQTWoQ4RYzgiWd84AOFiPGOA2oIYDtcnKyJCabvr8PnUXXFtB6MoeifvHma6Sd0LK8MgRFfGycBTq9HVaxlfg9CPL_bZsgVEUmr\" frameborder=\"0\" scrolling=\"auto\" allowfullscreen style=\"display: block;margin-left: auto;margin-right: auto;max-width: 100%;\"><\/iframe><\/div><\/div><\/div><\/div><\/p>\n","protected":false},"excerpt":{"rendered":"","protected":false},"author":3,"featured_media":0,"parent":7324,"menu_order":0,"comment_status":"closed","ping_status":"closed","template":"100-width.php","meta":{"footnotes":""},"class_list":["post-7338","page","type-page","status-publish","hentry"],"yoast_head":"<!-- This site is optimized with the Yoast SEO plugin v27.3 - https:\/\/yoast.com\/product\/yoast-seo-wordpress\/ -->\n<title>Service und Support - Physical Electronics GmbH<\/title>\n<meta name=\"description\" content=\"Unser hervorragender Kundendienst und After-Sales-Support garantiert, dass Ihre Systeme \u00fcber viele Jahre hinweg stabil und zuverl\u00e4ssig funktionieren. Unsere Servicetechniker werden direkt von unseren Herstellern geschult. Mit unserem gut sortierten Lager in M\u00fcnchen sind wir in der Lage, sehr schnell zu reagieren.\" \/>\n<meta name=\"robots\" content=\"index, follow, max-snippet:-1, max-image-preview:large, max-video-preview:-1\" \/>\n<link rel=\"canonical\" href=\"https:\/\/www.phi-gmbh.eu\/de\/services\/service-und-support\/\" \/>\n<meta property=\"og:locale\" content=\"de_DE\" \/>\n<meta property=\"og:type\" content=\"article\" \/>\n<meta property=\"og:title\" content=\"Service und Support - Physical Electronics GmbH\" \/>\n<meta property=\"og:description\" content=\"Unser hervorragender Kundendienst und After-Sales-Support garantiert, dass Ihre Systeme \u00fcber viele Jahre hinweg stabil und zuverl\u00e4ssig funktionieren. Unsere Servicetechniker werden direkt von unseren Herstellern geschult. Mit unserem gut sortierten Lager in M\u00fcnchen sind wir in der Lage, sehr schnell zu reagieren.\" \/>\n<meta property=\"og:url\" content=\"https:\/\/www.phi-gmbh.eu\/de\/services\/service-und-support\/\" \/>\n<meta property=\"og:site_name\" content=\"Physical Electronics GmbH\" \/>\n<meta property=\"article:modified_time\" content=\"2023-07-05T14:36:46+00:00\" \/>\n<meta name=\"twitter:card\" content=\"summary_large_image\" \/>\n<meta name=\"twitter:label1\" content=\"Gesch\u00e4tzte Lesezeit\" \/>\n\t<meta name=\"twitter:data1\" content=\"7\u00a0Minuten\" \/>\n<script type=\"application\/ld+json\" class=\"yoast-schema-graph\">{\"@context\":\"https:\\\/\\\/schema.org\",\"@graph\":[{\"@type\":\"WebPage\",\"@id\":\"https:\\\/\\\/www.phi-gmbh.eu\\\/de\\\/services\\\/service-und-support\\\/\",\"url\":\"https:\\\/\\\/www.phi-gmbh.eu\\\/de\\\/services\\\/service-und-support\\\/\",\"name\":\"Service und Support - Physical Electronics GmbH\",\"isPartOf\":{\"@id\":\"https:\\\/\\\/www.phi-gmbh.eu\\\/#website\"},\"datePublished\":\"2023-06-08T08:32:13+00:00\",\"dateModified\":\"2023-07-05T14:36:46+00:00\",\"description\":\"Unser hervorragender Kundendienst und After-Sales-Support garantiert, dass Ihre Systeme \u00fcber viele Jahre hinweg stabil und zuverl\u00e4ssig funktionieren. Unsere Servicetechniker werden direkt von unseren Herstellern geschult. Mit unserem gut sortierten Lager in M\u00fcnchen sind wir in der Lage, sehr schnell zu reagieren.\",\"breadcrumb\":{\"@id\":\"https:\\\/\\\/www.phi-gmbh.eu\\\/de\\\/services\\\/service-und-support\\\/#breadcrumb\"},\"inLanguage\":\"de\",\"potentialAction\":[{\"@type\":\"ReadAction\",\"target\":[\"https:\\\/\\\/www.phi-gmbh.eu\\\/de\\\/services\\\/service-und-support\\\/\"]}]},{\"@type\":\"BreadcrumbList\",\"@id\":\"https:\\\/\\\/www.phi-gmbh.eu\\\/de\\\/services\\\/service-und-support\\\/#breadcrumb\",\"itemListElement\":[{\"@type\":\"ListItem\",\"position\":1,\"name\":\"Startseite\",\"item\":\"https:\\\/\\\/www.phi-gmbh.eu\\\/de\\\/\"},{\"@type\":\"ListItem\",\"position\":2,\"name\":\"Services\",\"item\":\"https:\\\/\\\/www.phi-gmbh.eu\\\/de\\\/services\\\/\"},{\"@type\":\"ListItem\",\"position\":3,\"name\":\"Service und Support\"}]},{\"@type\":\"WebSite\",\"@id\":\"https:\\\/\\\/www.phi-gmbh.eu\\\/#website\",\"url\":\"https:\\\/\\\/www.phi-gmbh.eu\\\/\",\"name\":\"www.phi-gmbh.eu\",\"description\":\"X-Perts for your Analytical Challenges\",\"publisher\":{\"@id\":\"https:\\\/\\\/www.phi-gmbh.eu\\\/#organization\"},\"potentialAction\":[{\"@type\":\"SearchAction\",\"target\":{\"@type\":\"EntryPoint\",\"urlTemplate\":\"https:\\\/\\\/www.phi-gmbh.eu\\\/?s={search_term_string}\"},\"query-input\":{\"@type\":\"PropertyValueSpecification\",\"valueRequired\":true,\"valueName\":\"search_term_string\"}}],\"inLanguage\":\"de\"},{\"@type\":\"Organization\",\"@id\":\"https:\\\/\\\/www.phi-gmbh.eu\\\/#organization\",\"name\":\"Physical Electronics GmbH\",\"url\":\"https:\\\/\\\/www.phi-gmbh.eu\\\/\",\"logo\":{\"@type\":\"ImageObject\",\"inLanguage\":\"de\",\"@id\":\"https:\\\/\\\/www.phi-gmbh.eu\\\/#\\\/schema\\\/logo\\\/image\\\/\",\"url\":\"https:\\\/\\\/www.phi-gmbh.eu\\\/wp-content\\\/uploads\\\/2022\\\/06\\\/Logo_PHI-GmbH_Vorabanpassung_V1_H150px.jpeg\",\"contentUrl\":\"https:\\\/\\\/www.phi-gmbh.eu\\\/wp-content\\\/uploads\\\/2022\\\/06\\\/Logo_PHI-GmbH_Vorabanpassung_V1_H150px.jpeg\",\"width\":230,\"height\":150,\"caption\":\"Physical Electronics GmbH\"},\"image\":{\"@id\":\"https:\\\/\\\/www.phi-gmbh.eu\\\/#\\\/schema\\\/logo\\\/image\\\/\"},\"sameAs\":[\"https:\\\/\\\/www.linkedin.com\\\/company\\\/physical-electronics-gmbh\"]}]}<\/script>\n<!-- \/ Yoast SEO plugin. -->","yoast_head_json":{"title":"Service und Support - Physical Electronics GmbH","description":"Unser hervorragender Kundendienst und After-Sales-Support garantiert, dass Ihre Systeme \u00fcber viele Jahre hinweg stabil und zuverl\u00e4ssig funktionieren. Unsere Servicetechniker werden direkt von unseren Herstellern geschult. Mit unserem gut sortierten Lager in M\u00fcnchen sind wir in der Lage, sehr schnell zu reagieren.","robots":{"index":"index","follow":"follow","max-snippet":"max-snippet:-1","max-image-preview":"max-image-preview:large","max-video-preview":"max-video-preview:-1"},"canonical":"https:\/\/www.phi-gmbh.eu\/de\/services\/service-und-support\/","og_locale":"de_DE","og_type":"article","og_title":"Service und Support - Physical Electronics GmbH","og_description":"Unser hervorragender Kundendienst und After-Sales-Support garantiert, dass Ihre Systeme \u00fcber viele Jahre hinweg stabil und zuverl\u00e4ssig funktionieren. Unsere Servicetechniker werden direkt von unseren Herstellern geschult. Mit unserem gut sortierten Lager in M\u00fcnchen sind wir in der Lage, sehr schnell zu reagieren.","og_url":"https:\/\/www.phi-gmbh.eu\/de\/services\/service-und-support\/","og_site_name":"Physical Electronics GmbH","article_modified_time":"2023-07-05T14:36:46+00:00","twitter_card":"summary_large_image","twitter_misc":{"Gesch\u00e4tzte Lesezeit":"7\u00a0Minuten"},"schema":{"@context":"https:\/\/schema.org","@graph":[{"@type":"WebPage","@id":"https:\/\/www.phi-gmbh.eu\/de\/services\/service-und-support\/","url":"https:\/\/www.phi-gmbh.eu\/de\/services\/service-und-support\/","name":"Service und Support - Physical Electronics GmbH","isPartOf":{"@id":"https:\/\/www.phi-gmbh.eu\/#website"},"datePublished":"2023-06-08T08:32:13+00:00","dateModified":"2023-07-05T14:36:46+00:00","description":"Unser hervorragender Kundendienst und After-Sales-Support garantiert, dass Ihre Systeme \u00fcber viele Jahre hinweg stabil und zuverl\u00e4ssig funktionieren. Unsere Servicetechniker werden direkt von unseren Herstellern geschult. Mit unserem gut sortierten Lager in M\u00fcnchen sind wir in der Lage, sehr schnell zu reagieren.","breadcrumb":{"@id":"https:\/\/www.phi-gmbh.eu\/de\/services\/service-und-support\/#breadcrumb"},"inLanguage":"de","potentialAction":[{"@type":"ReadAction","target":["https:\/\/www.phi-gmbh.eu\/de\/services\/service-und-support\/"]}]},{"@type":"BreadcrumbList","@id":"https:\/\/www.phi-gmbh.eu\/de\/services\/service-und-support\/#breadcrumb","itemListElement":[{"@type":"ListItem","position":1,"name":"Startseite","item":"https:\/\/www.phi-gmbh.eu\/de\/"},{"@type":"ListItem","position":2,"name":"Services","item":"https:\/\/www.phi-gmbh.eu\/de\/services\/"},{"@type":"ListItem","position":3,"name":"Service und Support"}]},{"@type":"WebSite","@id":"https:\/\/www.phi-gmbh.eu\/#website","url":"https:\/\/www.phi-gmbh.eu\/","name":"www.phi-gmbh.eu","description":"X-Perts for your Analytical Challenges","publisher":{"@id":"https:\/\/www.phi-gmbh.eu\/#organization"},"potentialAction":[{"@type":"SearchAction","target":{"@type":"EntryPoint","urlTemplate":"https:\/\/www.phi-gmbh.eu\/?s={search_term_string}"},"query-input":{"@type":"PropertyValueSpecification","valueRequired":true,"valueName":"search_term_string"}}],"inLanguage":"de"},{"@type":"Organization","@id":"https:\/\/www.phi-gmbh.eu\/#organization","name":"Physical Electronics GmbH","url":"https:\/\/www.phi-gmbh.eu\/","logo":{"@type":"ImageObject","inLanguage":"de","@id":"https:\/\/www.phi-gmbh.eu\/#\/schema\/logo\/image\/","url":"https:\/\/www.phi-gmbh.eu\/wp-content\/uploads\/2022\/06\/Logo_PHI-GmbH_Vorabanpassung_V1_H150px.jpeg","contentUrl":"https:\/\/www.phi-gmbh.eu\/wp-content\/uploads\/2022\/06\/Logo_PHI-GmbH_Vorabanpassung_V1_H150px.jpeg","width":230,"height":150,"caption":"Physical Electronics GmbH"},"image":{"@id":"https:\/\/www.phi-gmbh.eu\/#\/schema\/logo\/image\/"},"sameAs":["https:\/\/www.linkedin.com\/company\/physical-electronics-gmbh"]}]}},"_links":{"self":[{"href":"https:\/\/www.phi-gmbh.eu\/de\/wp-json\/wp\/v2\/pages\/7338","targetHints":{"allow":["GET"]}}],"collection":[{"href":"https:\/\/www.phi-gmbh.eu\/de\/wp-json\/wp\/v2\/pages"}],"about":[{"href":"https:\/\/www.phi-gmbh.eu\/de\/wp-json\/wp\/v2\/types\/page"}],"author":[{"embeddable":true,"href":"https:\/\/www.phi-gmbh.eu\/de\/wp-json\/wp\/v2\/users\/3"}],"replies":[{"embeddable":true,"href":"https:\/\/www.phi-gmbh.eu\/de\/wp-json\/wp\/v2\/comments?post=7338"}],"version-history":[{"count":17,"href":"https:\/\/www.phi-gmbh.eu\/de\/wp-json\/wp\/v2\/pages\/7338\/revisions"}],"predecessor-version":[{"id":8020,"href":"https:\/\/www.phi-gmbh.eu\/de\/wp-json\/wp\/v2\/pages\/7338\/revisions\/8020"}],"up":[{"embeddable":true,"href":"https:\/\/www.phi-gmbh.eu\/de\/wp-json\/wp\/v2\/pages\/7324"}],"wp:attachment":[{"href":"https:\/\/www.phi-gmbh.eu\/de\/wp-json\/wp\/v2\/media?parent=7338"}],"curies":[{"name":"wp","href":"https:\/\/api.w.org\/{rel}","templated":true}]}}