{"id":746,"date":"2018-01-08T12:51:03","date_gmt":"2018-01-08T11:51:03","guid":{"rendered":"https:\/\/www.phi-gmbh.eu\/\/?page_id=746"},"modified":"2025-06-16T12:48:42","modified_gmt":"2025-06-16T10:48:42","slug":"impressum","status":"publish","type":"page","link":"https:\/\/www.phi-gmbh.eu\/de\/impressum\/","title":{"rendered":"Impressum"},"content":{"rendered":"<h1>Impressum \/\u00a0Gesetzliche Offenlegung<\/h1>\n<p>Physical Electronics GmbH<br \/>\nSalzstra\u00dfe 8<br \/>\n85622 Feldkirchen bei M\u00fcnchen<\/p>\n<h2>Vertreten durch<\/h2>\n<p>Vertretungsberechtigte Gesch\u00e4ftsf\u00fchrer: Stefan Reichlmaier, Dr. Daniela Rascher<\/p>\n<h2>Ansprechpartner<\/h2>\n<p>Telefon: +49 89 96275 0<br \/>\nTelefax: +49 89 96275 50<br \/>\nE-Mail: <a href=\"mailto:info@phi-europe.com\">info@phi-europe.com<\/a><br \/>\nInternetadresse: <a href=\"https:\/\/www.phi-gmbh.eu\" target=\"_blank\" rel=\"noopener noreferrer\">https:\/\/www.phi-gmbh.eu<\/a><\/p>\n<h2>Registereintrag<\/h2>\n<p>Eintragung im Handelsregister<br \/>\nRegisternummer: HRB 105 138<br \/>\nRegistergericht: Amtsgericht M\u00fcnchen<\/p>\n<h2>Umsatzsteuer-ID<\/h2>\n<p>Umsatzsteuer-Identifikationsnummer gem\u00e4\u00df \u00a727 a Umsatzsteuergesetz<br \/>\nDE 811 642 385<\/p>\n<h2>Angaben zur Berufshaftpflichtversicherung<\/h2>\n<p>Name und Sitz der Gesellschaft<br \/>\nAllianz, M\u00fcnchen<\/p>\n<p>Geltungsraum der Versicherung<br \/>\nweltweit<\/p>\n<h2>Inhaltlich Verantwortlicher gem\u00e4\u00df \u00a7 55 Abs. 2 RStV<\/h2>\n<p>Monika Martin<br \/>\nSalzstra\u00dfe 8<br \/>\n85622 Feldkirchen bei M\u00fcnchen<\/p>\n<h2>Das Impressum gilt auch f\u00fcr folgende Social Media Profile:<\/h2>\n<p><span lang=\"de-DE\">YouTube: https:\/\/www.youtube.com\/channel\/UCvld-3UekjQIPD-n7wDjPAQ<br \/>\nLinkedIn: <a href=\"https:\/\/www.linkedin.com\/company\/physical-electronics-gmbh\/\">https:\/\/www.linkedin.com\/company\/physical-electronics-gmbh\/<\/a><\/span><\/p>\n<h2>Quellenangaben f\u00fcr die verwendeten Bilder und Grafiken<\/h2>\n<p>Unsplash<br \/>\niStock<br \/>\nAdobeStock<br \/>\nvecteezy<br \/>\nfreepik<\/p>\n<h2>Aufsichtsbeh\u00f6rde<\/h2>\n<p>Bayerisches Landesamt f\u00fcr Datenschutzaufsicht<\/p>\n<h2><span lang=\"de-DE\">Hinweis auf EU-Streitschlichtung<\/span><\/h2>\n<p><span lang=\"de-DE\">Die Europ\u00e4ische Kommission stellt eine Plattform zur Online-Streitbeilegung (OS) bereit:\u00a0<\/span><a href=\"http:\/\/ec.europa.eu\/consumers\/odr\"><span lang=\"de-DE\"><u>http:\/\/ec.europa.eu\/consumers\/odr<\/u><\/span><\/a><br \/>\n<span lang=\"de-DE\">Unsere E-Mail-Adresse finden sie oben im Impressum.<\/span><\/p>\n<p><span lang=\"de-DE\">Quelle:\u00a0<\/span><a href=\"https:\/\/www.e-recht24.de\"><span lang=\"de-DE\"><i><u>https:\/\/www.e-recht24.de<\/u><\/i><\/span><\/a><\/p>\n<h2>Haftungsausschluss<\/h2>\n<p>Haftung f\u00fcr Inhalte<\/p>\n<p>Die Inhalte unserer Seiten wurden mit gr\u00f6\u00dfter Sorgfalt erstellt. F\u00fcr die Richtigkeit, Vollst\u00e4ndigkeit und Aktualit\u00e4t der Inhalte k\u00f6nnen wir jedoch keine Gew\u00e4hr \u00fcbernehmen. Dar\u00fcber hinaus sind wir f\u00fcr eigene Inhalte auf diesen Seiten nach den gesetzlichen Bestimmungen verantwortlich. Wir weisen in diesem Zusammenhang darauf hin, dass wir nicht verpflichtet sind, \u00fcbermittelte oder gespeicherte fremde Informationen zu \u00fcberwachen oder nach Umst\u00e4nden zu forschen, die auf eine rechtswidrige T\u00e4tigkeit hinweisen. Verpflichtungen zur Entfernung oder Sperrung der Nutzung von Informationen nach den allgemeinen Gesetzen bleiben hiervon gem\u00e4\u00df \u00a7\u00a7 8 bis 10 DDG unber\u00fchrt.<\/p>\n<p>&nbsp;<\/p>\n<p>Haftung f\u00fcr Links<\/p>\n<p>F\u00fcr den Inhalt der verlinkten Seiten sind ausschlie\u00dflich deren Betreiber verantwortlich. Rechtswidrige Inhalte waren zum Zeitpunkt der Verlinkung nicht erkennbar. Bei bekannt werden von Rechtsverletzungen werden wir derartige Links umgehend entfernen.<\/p>\n<p>&nbsp;<\/p>\n<p>Urheberrecht<\/p>\n<p>Unsere Webseiten und deren Inhalte unterliegen dem deutschen Urheberrecht. Jede vom deutschen Urheber- und Leistungsschutzrecht nicht zugelassene Verwertung, Vervielf\u00e4ltigung oder Bearbeitung der auf unseren Webseiten angebotenen urheberrechtlich gesch\u00fctzten Werke bedarf der vorherigen Zustimmung des jeweiligen Rechteinhabers (\u00a7 44a ff. UrhG). Einzelne Vervielf\u00e4ltigungen eines Werkes sind nur zum privaten Gebrauch gestattet, d\u00fcrfen also weder unmittelbar noch mittelbar Erwerbszwecken dienen. Die unerlaubte Verwertung urheberrechtlich gesch\u00fctzter Werke ist strafbar (\u00a7 106 UrhG).<\/p>\n","protected":false},"excerpt":{"rendered":"<p>Impressum \/\u00a0Gesetzliche Offenlegung Physical Electronics GmbH Salzstra\u00dfe 8 85622 Feldkirchen<\/p>\n","protected":false},"author":3,"featured_media":0,"parent":0,"menu_order":0,"comment_status":"closed","ping_status":"closed","template":"","meta":{"footnotes":""},"class_list":["post-746","page","type-page","status-publish","hentry"],"yoast_head":"<!-- This site is optimized with the Yoast SEO plugin v27.3 - https:\/\/yoast.com\/product\/yoast-seo-wordpress\/ -->\n<title>Impressum - Physical Electronics GmbH<\/title>\n<meta name=\"description\" content=\"Die Inhalte unserer Seiten wurden mit gr\u00f6\u00dfter Sorgfalt erstellt. F\u00fcr die Richtigkeit, Vollst\u00e4ndigkeit und Aktualit\u00e4t der Inhalte k\u00f6nnen wir jedoch keine Gew\u00e4hr \u00fcbernehmen.\" \/>\n<meta name=\"robots\" content=\"index, follow, max-snippet:-1, max-image-preview:large, max-video-preview:-1\" \/>\n<link rel=\"canonical\" href=\"https:\/\/www.phi-gmbh.eu\/de\/impressum\/\" \/>\n<meta property=\"og:locale\" content=\"de_DE\" \/>\n<meta property=\"og:type\" content=\"article\" \/>\n<meta property=\"og:title\" content=\"Impressum - Physical Electronics GmbH\" \/>\n<meta property=\"og:description\" content=\"Die Inhalte unserer Seiten wurden mit gr\u00f6\u00dfter Sorgfalt erstellt. F\u00fcr die Richtigkeit, Vollst\u00e4ndigkeit und Aktualit\u00e4t der Inhalte k\u00f6nnen wir jedoch keine Gew\u00e4hr \u00fcbernehmen.\" \/>\n<meta property=\"og:url\" content=\"https:\/\/www.phi-gmbh.eu\/de\/impressum\/\" \/>\n<meta property=\"og:site_name\" content=\"Physical Electronics GmbH\" \/>\n<meta property=\"article:modified_time\" content=\"2025-06-16T10:48:42+00:00\" \/>\n<meta name=\"twitter:card\" content=\"summary_large_image\" \/>\n<meta name=\"twitter:label1\" content=\"Gesch\u00e4tzte Lesezeit\" \/>\n\t<meta name=\"twitter:data1\" content=\"2\u00a0Minuten\" \/>\n<script type=\"application\/ld+json\" class=\"yoast-schema-graph\">{\"@context\":\"https:\\\/\\\/schema.org\",\"@graph\":[{\"@type\":\"WebPage\",\"@id\":\"https:\\\/\\\/www.phi-gmbh.eu\\\/de\\\/impressum\\\/\",\"url\":\"https:\\\/\\\/www.phi-gmbh.eu\\\/de\\\/impressum\\\/\",\"name\":\"Impressum - Physical Electronics GmbH\",\"isPartOf\":{\"@id\":\"https:\\\/\\\/www.phi-gmbh.eu\\\/#website\"},\"datePublished\":\"2018-01-08T11:51:03+00:00\",\"dateModified\":\"2025-06-16T10:48:42+00:00\",\"description\":\"Die Inhalte unserer Seiten wurden mit gr\u00f6\u00dfter Sorgfalt erstellt. F\u00fcr die Richtigkeit, Vollst\u00e4ndigkeit und Aktualit\u00e4t der Inhalte k\u00f6nnen wir jedoch keine Gew\u00e4hr \u00fcbernehmen.\",\"breadcrumb\":{\"@id\":\"https:\\\/\\\/www.phi-gmbh.eu\\\/de\\\/impressum\\\/#breadcrumb\"},\"inLanguage\":\"de\",\"potentialAction\":[{\"@type\":\"ReadAction\",\"target\":[\"https:\\\/\\\/www.phi-gmbh.eu\\\/de\\\/impressum\\\/\"]}]},{\"@type\":\"BreadcrumbList\",\"@id\":\"https:\\\/\\\/www.phi-gmbh.eu\\\/de\\\/impressum\\\/#breadcrumb\",\"itemListElement\":[{\"@type\":\"ListItem\",\"position\":1,\"name\":\"Startseite\",\"item\":\"https:\\\/\\\/www.phi-gmbh.eu\\\/de\\\/\"},{\"@type\":\"ListItem\",\"position\":2,\"name\":\"Impressum\"}]},{\"@type\":\"WebSite\",\"@id\":\"https:\\\/\\\/www.phi-gmbh.eu\\\/#website\",\"url\":\"https:\\\/\\\/www.phi-gmbh.eu\\\/\",\"name\":\"www.phi-gmbh.eu\",\"description\":\"X-Perts for your Analytical Challenges\",\"publisher\":{\"@id\":\"https:\\\/\\\/www.phi-gmbh.eu\\\/#organization\"},\"potentialAction\":[{\"@type\":\"SearchAction\",\"target\":{\"@type\":\"EntryPoint\",\"urlTemplate\":\"https:\\\/\\\/www.phi-gmbh.eu\\\/?s={search_term_string}\"},\"query-input\":{\"@type\":\"PropertyValueSpecification\",\"valueRequired\":true,\"valueName\":\"search_term_string\"}}],\"inLanguage\":\"de\"},{\"@type\":\"Organization\",\"@id\":\"https:\\\/\\\/www.phi-gmbh.eu\\\/#organization\",\"name\":\"Physical Electronics GmbH\",\"url\":\"https:\\\/\\\/www.phi-gmbh.eu\\\/\",\"logo\":{\"@type\":\"ImageObject\",\"inLanguage\":\"de\",\"@id\":\"https:\\\/\\\/www.phi-gmbh.eu\\\/#\\\/schema\\\/logo\\\/image\\\/\",\"url\":\"https:\\\/\\\/www.phi-gmbh.eu\\\/wp-content\\\/uploads\\\/2022\\\/06\\\/Logo_PHI-GmbH_Vorabanpassung_V1_H150px.jpeg\",\"contentUrl\":\"https:\\\/\\\/www.phi-gmbh.eu\\\/wp-content\\\/uploads\\\/2022\\\/06\\\/Logo_PHI-GmbH_Vorabanpassung_V1_H150px.jpeg\",\"width\":230,\"height\":150,\"caption\":\"Physical Electronics GmbH\"},\"image\":{\"@id\":\"https:\\\/\\\/www.phi-gmbh.eu\\\/#\\\/schema\\\/logo\\\/image\\\/\"},\"sameAs\":[\"https:\\\/\\\/www.linkedin.com\\\/company\\\/physical-electronics-gmbh\"]}]}<\/script>\n<!-- \/ Yoast SEO plugin. -->","yoast_head_json":{"title":"Impressum - Physical Electronics GmbH","description":"Die Inhalte unserer Seiten wurden mit gr\u00f6\u00dfter Sorgfalt erstellt. F\u00fcr die Richtigkeit, Vollst\u00e4ndigkeit und Aktualit\u00e4t der Inhalte k\u00f6nnen wir jedoch keine Gew\u00e4hr \u00fcbernehmen.","robots":{"index":"index","follow":"follow","max-snippet":"max-snippet:-1","max-image-preview":"max-image-preview:large","max-video-preview":"max-video-preview:-1"},"canonical":"https:\/\/www.phi-gmbh.eu\/de\/impressum\/","og_locale":"de_DE","og_type":"article","og_title":"Impressum - Physical Electronics GmbH","og_description":"Die Inhalte unserer Seiten wurden mit gr\u00f6\u00dfter Sorgfalt erstellt. F\u00fcr die Richtigkeit, Vollst\u00e4ndigkeit und Aktualit\u00e4t der Inhalte k\u00f6nnen wir jedoch keine Gew\u00e4hr \u00fcbernehmen.","og_url":"https:\/\/www.phi-gmbh.eu\/de\/impressum\/","og_site_name":"Physical Electronics GmbH","article_modified_time":"2025-06-16T10:48:42+00:00","twitter_card":"summary_large_image","twitter_misc":{"Gesch\u00e4tzte Lesezeit":"2\u00a0Minuten"},"schema":{"@context":"https:\/\/schema.org","@graph":[{"@type":"WebPage","@id":"https:\/\/www.phi-gmbh.eu\/de\/impressum\/","url":"https:\/\/www.phi-gmbh.eu\/de\/impressum\/","name":"Impressum - Physical Electronics GmbH","isPartOf":{"@id":"https:\/\/www.phi-gmbh.eu\/#website"},"datePublished":"2018-01-08T11:51:03+00:00","dateModified":"2025-06-16T10:48:42+00:00","description":"Die Inhalte unserer Seiten wurden mit gr\u00f6\u00dfter Sorgfalt erstellt. F\u00fcr die Richtigkeit, Vollst\u00e4ndigkeit und Aktualit\u00e4t der Inhalte k\u00f6nnen wir jedoch keine Gew\u00e4hr \u00fcbernehmen.","breadcrumb":{"@id":"https:\/\/www.phi-gmbh.eu\/de\/impressum\/#breadcrumb"},"inLanguage":"de","potentialAction":[{"@type":"ReadAction","target":["https:\/\/www.phi-gmbh.eu\/de\/impressum\/"]}]},{"@type":"BreadcrumbList","@id":"https:\/\/www.phi-gmbh.eu\/de\/impressum\/#breadcrumb","itemListElement":[{"@type":"ListItem","position":1,"name":"Startseite","item":"https:\/\/www.phi-gmbh.eu\/de\/"},{"@type":"ListItem","position":2,"name":"Impressum"}]},{"@type":"WebSite","@id":"https:\/\/www.phi-gmbh.eu\/#website","url":"https:\/\/www.phi-gmbh.eu\/","name":"www.phi-gmbh.eu","description":"X-Perts for your Analytical Challenges","publisher":{"@id":"https:\/\/www.phi-gmbh.eu\/#organization"},"potentialAction":[{"@type":"SearchAction","target":{"@type":"EntryPoint","urlTemplate":"https:\/\/www.phi-gmbh.eu\/?s={search_term_string}"},"query-input":{"@type":"PropertyValueSpecification","valueRequired":true,"valueName":"search_term_string"}}],"inLanguage":"de"},{"@type":"Organization","@id":"https:\/\/www.phi-gmbh.eu\/#organization","name":"Physical Electronics GmbH","url":"https:\/\/www.phi-gmbh.eu\/","logo":{"@type":"ImageObject","inLanguage":"de","@id":"https:\/\/www.phi-gmbh.eu\/#\/schema\/logo\/image\/","url":"https:\/\/www.phi-gmbh.eu\/wp-content\/uploads\/2022\/06\/Logo_PHI-GmbH_Vorabanpassung_V1_H150px.jpeg","contentUrl":"https:\/\/www.phi-gmbh.eu\/wp-content\/uploads\/2022\/06\/Logo_PHI-GmbH_Vorabanpassung_V1_H150px.jpeg","width":230,"height":150,"caption":"Physical Electronics GmbH"},"image":{"@id":"https:\/\/www.phi-gmbh.eu\/#\/schema\/logo\/image\/"},"sameAs":["https:\/\/www.linkedin.com\/company\/physical-electronics-gmbh"]}]}},"_links":{"self":[{"href":"https:\/\/www.phi-gmbh.eu\/de\/wp-json\/wp\/v2\/pages\/746","targetHints":{"allow":["GET"]}}],"collection":[{"href":"https:\/\/www.phi-gmbh.eu\/de\/wp-json\/wp\/v2\/pages"}],"about":[{"href":"https:\/\/www.phi-gmbh.eu\/de\/wp-json\/wp\/v2\/types\/page"}],"author":[{"embeddable":true,"href":"https:\/\/www.phi-gmbh.eu\/de\/wp-json\/wp\/v2\/users\/3"}],"replies":[{"embeddable":true,"href":"https:\/\/www.phi-gmbh.eu\/de\/wp-json\/wp\/v2\/comments?post=746"}],"version-history":[{"count":13,"href":"https:\/\/www.phi-gmbh.eu\/de\/wp-json\/wp\/v2\/pages\/746\/revisions"}],"predecessor-version":[{"id":10760,"href":"https:\/\/www.phi-gmbh.eu\/de\/wp-json\/wp\/v2\/pages\/746\/revisions\/10760"}],"wp:attachment":[{"href":"https:\/\/www.phi-gmbh.eu\/de\/wp-json\/wp\/v2\/media?parent=746"}],"curies":[{"name":"wp","href":"https:\/\/api.w.org\/{rel}","templated":true}]}}